{"id":1567,"date":"2015-06-27T10:43:07","date_gmt":"2015-06-27T10:43:07","guid":{"rendered":"http:\/\/igor.stojakovic.net\/en\/?page_id=1567"},"modified":"2018-10-12T21:02:31","modified_gmt":"2018-10-12T21:02:31","slug":"destinations-visited","status":"publish","type":"page","link":"https:\/\/igor.stojakovic.net\/en\/destinations-visited\/","title":{"rendered":"Destinations visited"},"content":{"rendered":"<p>List of destinations visited so far and related writings available.<\/p>\n<table>\n<tr>\n<th>Europe:<\/th>\n<\/tr>\n<\/table>\n<table>\n<tr>\n<th>No.<\/th>\n<th>Country<\/th>\n<th>First time visited<\/th>\n<th>Comment<\/th>\n<th>Places visited<\/th>\n<\/tr>\n<tr>\n<td>1<\/td>\n<td><a href=\"http:\/\/igor.stojakovic.net\/en\/tag\/slovenia\/\">Slovenia<\/a><\/td>\n<td>1979<\/td>\n<td>Born There<\/td>\n<td>Koper, Ljubljana, Portoroz, Maribor, Ptuj, Otocec, And hiked several mountains<\/td>\n<\/tr>\n<tr>\n<td>2<\/td>\n<td><a href=\"http:\/\/igor.stojakovic.net\/en\/tag\/croatia\/\">Croatia<\/a><\/td>\n<td>1979<\/td>\n<td>Lived there since day 3<\/td>\n<td>Many \ud83d\ude42<\/td>\n<\/tr>\n<tr>\n<td>3<\/td>\n<td>Bosnia and Hercegovina<\/td>\n<td>1981<\/td>\n<td>Short visit, multiple times later<\/td>\n<td>Sarajevo, Mostar, Jablanica, Blidinje, Trebinje, Banja Luka, Bihac<\/td>\n<\/tr>\n<tr>\n<td>4<\/td>\n<td><a href=\"http:\/\/igor.stojakovic.net\/en\/tag\/italy\/\">Italy<\/a><\/td>\n<td>1983<\/td>\n<td>Short visit, multiple times later<\/td>\n<td>Sicily(many places, missed Palermo), Rome, Bologna, Treviso, Venezia, Trieste&#8230;<\/td>\n<\/tr>\n<tr>\n<td>5<\/td>\n<td>Serbia<\/td>\n<td>1985<\/td>\n<td>Short visit, multiple times later<\/td>\n<td>Beograd, Zemun, Subotica, Novi Sad, Cacak, Uzice, Sirogojno, Gucha, Zlatibor<\/td>\n<\/tr>\n<tr>\n<td>6<\/td>\n<td>Austria<\/td>\n<td>\t<\/td>\n<td>Family trip, couple of times later<\/td>\n<td>Graz, Salzburg, Vienna, Linz<\/td>\n<\/tr>\n<tr>\n<td>7<\/td>\n<td>Hungary<\/td>\n<td>1995<\/td>\n<td>Short visit, multiple times later<\/td>\n<td>Budapest, Pech, Gyor, Nagykanizsa<\/td>\n<\/tr>\n<tr>\n<td>8<\/td>\n<td><a href=\"http:\/\/igor.stojakovic.net\/en\/tag\/uk\/\">England<\/a><\/td>\n<td>1995<\/td>\n<td>English summer School<\/td>\n<td>Brighton, London, Portsmouth, Stonehenge, Cambridge<\/td>\n<\/tr>\n<tr>\n<td>9<\/td>\n<td><a href=\"http:\/\/igor.stojakovic.net\/en\/tag\/france\/\">France<\/a><\/td>\n<td>1996<\/td>\n<td>School trip to Spain<\/td>\n<td>Dijon, Lyon, Arles, Avignon, Chalon, Paris, Rouen, Le Havre, Versailles<\/td>\n<\/tr>\n<tr>\n<td>10<\/td>\n<td><a href=\"http:\/\/igor.stojakovic.net\/en\/tag\/spain\/\">Spain<\/a><\/td>\n<td>1996<\/td>\n<td>School trip to Spain<\/td>\n<td>Barcelona, Lloret de mar<\/td>\n<\/tr>\n<tr>\n<td>11<\/td>\n<td>Monaco<\/td>\n<td>1996<\/td>\n<td>School trip to Spain<\/td>\n<td>Monte Carlo<\/td>\n<\/tr>\n<tr>\n<td>12<\/td>\n<td>Germany<\/td>\n<td>2003<\/td>\n<td>Trip with University, visiting brother, work<\/td>\n<td>Cologne, Mainz, Wiesbaden, Frankfurt, Dusseldorf, Bonn, Koblenz, Trier, Boppard, Mannheim, Speyer, Freiburg, Bad Bellingen, Titise-Neustad, Wurzburg, Nurmberg, Regensburg, Deggendorf, Passau, Traben-Trarbach, Munich&#8230;<\/td>\n<\/tr>\n<tr>\n<td>13<\/td>\n<td>Check Republic<\/td>\n<td>2003<\/td>\n<td>Trip with University<\/td>\n<td>Prague, Ceske Budjevice, Ceski Krumlov, Brno<\/td>\n<\/tr>\n<tr>\n<td>14<\/td>\n<td>Slovakia<\/td>\n<td>2003<\/td>\n<td>Trip with University, later many times with work<\/td>\n<td>Bratislava<\/td>\n<\/tr>\n<tr>\n<td>16<\/td>\n<td>Switzerland<\/td>\n<td>2005<\/td>\n<td>Work<\/td>\n<td>Basel, Zurich<\/td>\n<\/tr>\n<tr>\n<td>17<\/td>\n<td>Montenegro<\/td>\n<td>2005<\/td>\n<td>Pleasure, Many Times<\/td>\n<td>Budva, Tivat, Herceg Novi, Podgorica, Bar, Niksic, Cetinje<\/td>\n<\/tr>\n<tr>\n<td>18<\/td>\n<td>Netherlands<\/td>\n<td>2005<\/td>\n<td>Work, Many Times<\/td>\n<td>Amsterdam, Rotterdam, Den Haag, Willemstad, Utrecht, Amersfoort, Arnhem, Zevenaar, Lobith, Tolkamer, Delft<\/td>\n<\/tr>\n<tr>\n<td>19<\/td>\n<td><a href=\"http:\/\/igor.stojakovic.net\/en\/tag\/denmark\/\">Danemark<\/a><\/td>\n<td>2006<\/td>\n<td>Work, pleasure, twice<\/td>\n<td>Copenhagen, Koge<\/td>\n<\/tr>\n<tr>\n<td>20<\/td>\n<td>Russia<\/td>\n<td>2006<\/td>\n<td>Work, twice<\/td>\n<td>Moscow, Kazanj, St. Petersbourg, Peterhof<\/td>\n<\/tr>\n<tr>\n<td>21<\/td>\n<td><a href=\"http:\/\/igor.stojakovic.net\/en\/tag\/belgium\/\">Belgium<\/a><\/td>\n<td>2007<\/td>\n<td>Work, Pleasure<\/td>\n<td>Antwerpen, Brussels, Ghent, Bruges<\/td>\n<\/tr>\n<tr>\n<td>22<\/td>\n<td>Vatican City<\/td>\n<td>2007<\/td>\n<td>4 days in Rome<\/td>\n<td>Vatican \ud83d\ude42<\/td>\n<\/tr>\n<tr>\n<td>26<\/td>\n<td><a href=\"http:\/\/igor.stojakovic.net\/en\/tag\/ireland\/\">Ireland<\/a><\/td>\n<td>2013<\/td>\n<td>Vacations, Then moved here \ud83d\ude42<\/td>\n<td>Cork, Dublin, Galway, Tralee, Dingle, Killarney, Kenmare<\/td>\n<\/tr>\n<tr>\n<td>28<\/td>\n<td>Northern Ireland<\/td>\n<td>2014<\/td>\n<td>One Day Trip<\/td>\n<td>Belfast, Giants Causeway, Carrick-a-rede<\/td>\n<\/tr>\n<tr>\n<td>30<\/td>\n<td><a href=\"http:\/\/igor.stojakovic.net\/en\/tag\/sweden\/\">Sweden<\/a><\/td>\n<td>2015<\/td>\n<td>One Day Trip<\/td>\n<td>Malmo<\/td>\n<\/tr>\n<tr>\n<td>32<\/td>\n<td><a href=\"http:\/\/igor.stojakovic.net\/en\/tag\/norway\/\">Norway<\/a> <\/td>\n<td>2017<\/td>\n<td>Weekend in Norway<\/td>\n<td><a href=\"http:\/\/igor.stojakovic.net\/en\/who-sent-me-to-the-beautiful-and-laid-back-oslo\/\">Oslo<\/a><\/td>\n<\/tr>\n<tr>\n<td>33<\/td>\n<td><a href=\"http:\/\/igor.stojakovic.net\/en\/tag\/Liechtenstein\/\">Liechtenstein<\/a><\/td>\n<td>2017<\/td>\n<td>Day trip \ud83d\ude42 <\/td>\n<td><a href=\"http:\/\/igor.stojakovic.net\/en\/hot-day-in-cute-vaduz-liechtenstein-surrounded-by-gorgeous-alps\/\">Vaduz<\/a><\/td>\n<\/tr>\n<tr>\n<td>34<\/td>\n<td><a href=\"http:\/\/igor.stojakovic.net\/en\/tag\/malta\/\">Malta<\/a><\/td>\n<td>2018<\/td>\n<td>A Week on sunny Island<\/td>\n<td>Valletta, Xlendi, Qala ta&#8217; Ba\u0127ar i\u010b-\u010aag\u0127aq<\/td>\n<\/tr>\n<tr>\n<td>35<\/td>\n<td>Scotland<\/td>\n<td>2018<\/td>\n<td>A long weekend in sunny Edinburgh<\/td>\n<td>Edinburgh<\/td>\n<\/tr>\n<\/table>\n<table>\n<tr>\n<th>Africa:<\/th>\n<\/tr>\n<\/table>\n<table>\n<tr>\n<th>No.<\/th>\n<th>Country<\/th>\n<th>First time visited<\/th>\n<th>Comment<\/th>\n<th>Places visited<\/th>\n<tr>\n<td>23<\/td>\n<td>Egypt<\/td>\n<td>2008<\/td>\n<td>Vacations<\/td>\n<td>Sharm el Sheikh, Giza, Cairo<\/td>\n<\/tr>\n<tr>\n<td>27<\/td>\n<td><a href=\"http:\/\/igor.stojakovic.net\/en\/tag\/tunisia\/\">Tunisia<\/a><\/td>\n<td>2014<\/td>\n<td>Once<\/td>\n<td>Tunis, Sidi Bou Said, Hammamet, Gabes, Douz, Tozeur, Al-Rudayyif, Gafsa, Al-Qayrawan, Sousse<\/td>\n<\/tr>\n<\/tr>\n<\/table>\n<table>\n<tr>\n<th>Americas:<\/th>\n<\/tr>\n<\/table>\n<table>\n<tr>\n<th>No.<\/th>\n<th>Country<\/th>\n<th>First time visited<\/th>\n<th>Comment<\/th>\n<th>Places visited<\/th>\n<tr>\n<td>15<\/td>\n<td>USA<\/td>\n<td>2005<\/td>\n<td>Twice<\/td>\n<td> <\/td>\n<\/tr>\n<tr>\n<td>15<\/td>\n<td>Wisconsin<\/td>\n<td>\t<\/td>\n<td>\t<\/td>\n<td>Milwaukee, Sturgeon Bay<\/td>\n<\/tr>\n<tr>\n<td>15<\/td>\n<td>Illinois<\/td>\n<td>\t<\/td>\n<td>\t\t<\/td>\n<td>Chicago<\/td>\n<\/tr>\n<tr>\n<td>15<\/td>\n<td>Massachusetts<\/td>\n<td>\t<\/td>\n<td>\t<\/td>\n<td>Boston<\/td>\n<\/tr>\n<\/tr>\n<\/table>\n<table>\n<tr>\n<th>Australasia:<\/th>\n<\/tr>\n<\/table>\n<table>\n<tr>\n<th>No.<\/th>\n<th>Country<\/th>\n<th>First time visited<\/th>\n<th>Comment<\/th>\n<th>Places visited<\/th>\n<tr>\n<td>&#8212;<\/td>\n<td>Abu Dhabi<\/td>\n<td>2014<\/td>\n<td>Airport Only \ud83d\ude42<\/td>\n<td>A Few hours stop on the way to Australia<\/td>\n<\/tr>\n<tr>\n<td>&#8212;<\/td>\n<td>Singapore<\/td>\n<td>2014<\/td>\n<td>Airport Only \ud83d\ude42<\/td>\n<td>A Few hours stop on the way to Australia<\/td>\n<\/tr>\n<tr>\n<td>29<\/td>\n<td><a href=\"http:\/\/igor.stojakovic.net\/en\/tag\/australia\/\">Australia<\/a><\/td>\n<td>2014<\/td>\n<td>Once only, but looking forward to go again \ud83d\ude42<\/td>\n<td> <\/td>\n<\/tr>\n<tr>\n<td>29<\/td>\n<td>Victoria<\/td>\n<td> <\/td>\n<td> Visting familly\t&#038; Fun!<\/td>\n<td>Melbourne, Geelong, Ballarat, Melton, Queenscliff, 12 Apostles, Colac, Daylesford, Hepburn Springs<\/td>\n<\/tr>\n<tr>\n<td>29<\/td>\n<td>Tasmania<\/td>\n<td> <\/td>\n<td>Fun!<\/td>\n<td>Hobarth, Swansea, Launceston, Port Arthur<\/td>\n<\/tr>\n<tr>\n<td>29<\/td>\n<td>New South Wales<\/td>\n<td> <\/td>\n<td>Pure Fun \ud83d\ude42<\/td>\n<td>Sydney, Palm Beach, Manly<\/td>\n<\/tr>\n<tr>\n<td>31<\/td>\n<td><a href=\"http:\/\/igor.stojakovic.net\/en\/tag\/japan\/\">Japan<\/a><\/td>\n<td>2015<\/td>\n<td>15 days of Pure Fun \ud83d\ude42<\/td>\n<td>Tokyo, Mt. Fuji, Fujieda, Kyoto, Himeji, Hiroshima, Nagasaki, Fukuoka, Beppu, Iki, Okayama<\/td>\n<\/tr>\n<\/tr>\n<\/table>\n<table>\n<tr>\n<th>Middle East:<\/th>\n<\/tr>\n<\/table>\n<table>\n<tr>\n<th>No.<\/th>\n<th>Country<\/th>\n<th>First time visited<\/th>\n<th>Comment<\/th>\n<th>Places visited<\/th>\n<tr>\n<td>24<\/td>\n<td>Jordan<\/td>\n<td>2008<\/td>\n<td>Vacations<\/td>\n<td>Petra<\/td>\n<\/tr>\n<tr>\n<td>25<\/td>\n<td>Israel<\/td>\n<td>2008<\/td>\n<td>Vacations<\/td>\n<td>Dead Sea, Jerusalem<\/td>\n<\/tr>\n<\/tr>\n<\/table>\n<p><\/p>","protected":false},"excerpt":{"rendered":"<p>List of destinations visited so far and related writings available. Europe: No. Country First time visited Comment Places visited 1 Slovenia 1979 Born There Koper, Ljubljana, Portoroz, Maribor, Ptuj, Otocec, And hiked several mountains 2 Croatia 1979 Lived there since day 3 Many \ud83d\ude42 3 Bosnia and Hercegovina 1981 Short visit, multiple times later Sarajevo,&#8230;<\/p>\n","protected":false},"author":1,"featured_media":1737,"parent":0,"menu_order":0,"comment_status":"closed","ping_status":"closed","template":"","meta":{"jetpack_post_was_ever_published":false,"footnotes":""},"class_list":["post-1567","page","type-page","status-publish","has-post-thumbnail","hentry"],"yoast_head":"<!-- This site is optimized with the Yoast SEO plugin v25.1 - https:\/\/yoast.com\/wordpress\/plugins\/seo\/ -->\n<title>Destinations visited - Igor<\/title>\n<meta name=\"robots\" content=\"index, follow, max-snippet:-1, max-image-preview:large, max-video-preview:-1\" \/>\n<link rel=\"canonical\" href=\"https:\/\/igor.stojakovic.net\/en\/destinations-visited\/\" \/>\n<meta property=\"og:locale\" content=\"en_US\" \/>\n<meta property=\"og:type\" content=\"article\" \/>\n<meta property=\"og:title\" content=\"[:hr]Posje\u0107ene Destinacije[:en]Destinations visited[:] - Igor\" \/>\n<meta property=\"og:description\" content=\"List of destinations visited so far and related writings available. Europe: No. Country First time visited Comment Places visited 1 Slovenia 1979 Born There Koper, Ljubljana, Portoroz, Maribor, Ptuj, Otocec, And hiked several mountains 2 Croatia 1979 Lived there since day 3 Many \ud83d\ude42 3 Bosnia and Hercegovina 1981 Short visit, multiple times later Sarajevo,...\" \/>\n<meta property=\"og:url\" content=\"https:\/\/igor.stojakovic.net\/en\/destinations-visited\/\" \/>\n<meta property=\"og:site_name\" content=\"Igor\" \/>\n<meta property=\"article:modified_time\" content=\"2018-10-12T21:02:31+00:00\" \/>\n<meta property=\"og:image\" content=\"https:\/\/igor.stojakovic.net\/wp-content\/uploads\/2015\/06\/MyWorldVisited.jpg\" \/>\n\t<meta property=\"og:image:width\" content=\"2000\" \/>\n\t<meta property=\"og:image:height\" content=\"1412\" \/>\n\t<meta property=\"og:image:type\" content=\"image\/jpeg\" \/>\n<meta name=\"twitter:label1\" content=\"Est. reading time\" \/>\n\t<meta name=\"twitter:data1\" content=\"4 minutes\" \/>\n<script type=\"application\/ld+json\" class=\"yoast-schema-graph\">{\"@context\":\"https:\/\/schema.org\",\"@graph\":[{\"@type\":\"WebPage\",\"@id\":\"https:\/\/igor.stojakovic.net\/en\/destinations-visited\/\",\"url\":\"https:\/\/igor.stojakovic.net\/en\/destinations-visited\/\",\"name\":\"[:hr]Posje\u0107ene Destinacije[:en]Destinations visited[:] - Igor\",\"isPartOf\":{\"@id\":\"https:\/\/igor.stojakovic.net\/en\/#website\"},\"primaryImageOfPage\":{\"@id\":\"https:\/\/igor.stojakovic.net\/en\/destinations-visited\/#primaryimage\"},\"image\":{\"@id\":\"https:\/\/igor.stojakovic.net\/en\/destinations-visited\/#primaryimage\"},\"thumbnailUrl\":\"https:\/\/igor.stojakovic.net\/wp-content\/uploads\/2015\/06\/MyWorldVisited.jpg\",\"datePublished\":\"2015-06-27T10:43:07+00:00\",\"dateModified\":\"2018-10-12T21:02:31+00:00\",\"breadcrumb\":{\"@id\":\"https:\/\/igor.stojakovic.net\/en\/destinations-visited\/#breadcrumb\"},\"inLanguage\":\"en-US\",\"potentialAction\":[{\"@type\":\"ReadAction\",\"target\":[\"https:\/\/igor.stojakovic.net\/en\/destinations-visited\/\"]}]},{\"@type\":\"ImageObject\",\"inLanguage\":\"en-US\",\"@id\":\"https:\/\/igor.stojakovic.net\/en\/destinations-visited\/#primaryimage\",\"url\":\"https:\/\/igor.stojakovic.net\/wp-content\/uploads\/2015\/06\/MyWorldVisited.jpg\",\"contentUrl\":\"https:\/\/igor.stojakovic.net\/wp-content\/uploads\/2015\/06\/MyWorldVisited.jpg\",\"width\":2000,\"height\":1412},{\"@type\":\"BreadcrumbList\",\"@id\":\"https:\/\/igor.stojakovic.net\/en\/destinations-visited\/#breadcrumb\",\"itemListElement\":[{\"@type\":\"ListItem\",\"position\":1,\"name\":\"Home\",\"item\":\"https:\/\/igor.stojakovic.net\/en\/\"},{\"@type\":\"ListItem\",\"position\":2,\"name\":\"Destinations visited\"}]},{\"@type\":\"WebSite\",\"@id\":\"https:\/\/igor.stojakovic.net\/en\/#website\",\"url\":\"https:\/\/igor.stojakovic.net\/en\/\",\"name\":\"Igor\",\"description\":\"Travel Blog |Life in Ireland | traveling stories |books &amp; photography | food  and fun :)\",\"potentialAction\":[{\"@type\":\"SearchAction\",\"target\":{\"@type\":\"EntryPoint\",\"urlTemplate\":\"https:\/\/igor.stojakovic.net\/en\/?s={search_term_string}\"},\"query-input\":{\"@type\":\"PropertyValueSpecification\",\"valueRequired\":true,\"valueName\":\"search_term_string\"}}],\"inLanguage\":\"en-US\"}]}<\/script>\n<!-- \/ Yoast SEO plugin. -->","yoast_head_json":{"title":"Destinations visited - Igor","robots":{"index":"index","follow":"follow","max-snippet":"max-snippet:-1","max-image-preview":"max-image-preview:large","max-video-preview":"max-video-preview:-1"},"canonical":"https:\/\/igor.stojakovic.net\/en\/destinations-visited\/","og_locale":"en_US","og_type":"article","og_title":"[:hr]Posje\u0107ene Destinacije[:en]Destinations visited[:] - Igor","og_description":"List of destinations visited so far and related writings available. Europe: No. Country First time visited Comment Places visited 1 Slovenia 1979 Born There Koper, Ljubljana, Portoroz, Maribor, Ptuj, Otocec, And hiked several mountains 2 Croatia 1979 Lived there since day 3 Many \ud83d\ude42 3 Bosnia and Hercegovina 1981 Short visit, multiple times later Sarajevo,...","og_url":"https:\/\/igor.stojakovic.net\/en\/destinations-visited\/","og_site_name":"Igor","article_modified_time":"2018-10-12T21:02:31+00:00","og_image":[{"width":2000,"height":1412,"url":"https:\/\/igor.stojakovic.net\/wp-content\/uploads\/2015\/06\/MyWorldVisited.jpg","type":"image\/jpeg"}],"twitter_misc":{"Est. reading time":"4 minutes"},"schema":{"@context":"https:\/\/schema.org","@graph":[{"@type":"WebPage","@id":"https:\/\/igor.stojakovic.net\/en\/destinations-visited\/","url":"https:\/\/igor.stojakovic.net\/en\/destinations-visited\/","name":"[:hr]Posje\u0107ene Destinacije[:en]Destinations visited[:] - Igor","isPartOf":{"@id":"https:\/\/igor.stojakovic.net\/en\/#website"},"primaryImageOfPage":{"@id":"https:\/\/igor.stojakovic.net\/en\/destinations-visited\/#primaryimage"},"image":{"@id":"https:\/\/igor.stojakovic.net\/en\/destinations-visited\/#primaryimage"},"thumbnailUrl":"https:\/\/igor.stojakovic.net\/wp-content\/uploads\/2015\/06\/MyWorldVisited.jpg","datePublished":"2015-06-27T10:43:07+00:00","dateModified":"2018-10-12T21:02:31+00:00","breadcrumb":{"@id":"https:\/\/igor.stojakovic.net\/en\/destinations-visited\/#breadcrumb"},"inLanguage":"en-US","potentialAction":[{"@type":"ReadAction","target":["https:\/\/igor.stojakovic.net\/en\/destinations-visited\/"]}]},{"@type":"ImageObject","inLanguage":"en-US","@id":"https:\/\/igor.stojakovic.net\/en\/destinations-visited\/#primaryimage","url":"https:\/\/igor.stojakovic.net\/wp-content\/uploads\/2015\/06\/MyWorldVisited.jpg","contentUrl":"https:\/\/igor.stojakovic.net\/wp-content\/uploads\/2015\/06\/MyWorldVisited.jpg","width":2000,"height":1412},{"@type":"BreadcrumbList","@id":"https:\/\/igor.stojakovic.net\/en\/destinations-visited\/#breadcrumb","itemListElement":[{"@type":"ListItem","position":1,"name":"Home","item":"https:\/\/igor.stojakovic.net\/en\/"},{"@type":"ListItem","position":2,"name":"Destinations visited"}]},{"@type":"WebSite","@id":"https:\/\/igor.stojakovic.net\/en\/#website","url":"https:\/\/igor.stojakovic.net\/en\/","name":"Igor","description":"Travel Blog |Life in Ireland | traveling stories |books &amp; photography | food  and fun :)","potentialAction":[{"@type":"SearchAction","target":{"@type":"EntryPoint","urlTemplate":"https:\/\/igor.stojakovic.net\/en\/?s={search_term_string}"},"query-input":{"@type":"PropertyValueSpecification","valueRequired":true,"valueName":"search_term_string"}}],"inLanguage":"en-US"}]}},"jetpack_shortlink":"https:\/\/wp.me\/P5MH6F-ph","jetpack_sharing_enabled":true,"_links":{"self":[{"href":"https:\/\/igor.stojakovic.net\/en\/wp-json\/wp\/v2\/pages\/1567","targetHints":{"allow":["GET"]}}],"collection":[{"href":"https:\/\/igor.stojakovic.net\/en\/wp-json\/wp\/v2\/pages"}],"about":[{"href":"https:\/\/igor.stojakovic.net\/en\/wp-json\/wp\/v2\/types\/page"}],"author":[{"embeddable":true,"href":"https:\/\/igor.stojakovic.net\/en\/wp-json\/wp\/v2\/users\/1"}],"replies":[{"embeddable":true,"href":"https:\/\/igor.stojakovic.net\/en\/wp-json\/wp\/v2\/comments?post=1567"}],"version-history":[{"count":26,"href":"https:\/\/igor.stojakovic.net\/en\/wp-json\/wp\/v2\/pages\/1567\/revisions"}],"predecessor-version":[{"id":2743,"href":"https:\/\/igor.stojakovic.net\/en\/wp-json\/wp\/v2\/pages\/1567\/revisions\/2743"}],"wp:featuredmedia":[{"embeddable":true,"href":"https:\/\/igor.stojakovic.net\/en\/wp-json\/wp\/v2\/media\/1737"}],"wp:attachment":[{"href":"https:\/\/igor.stojakovic.net\/en\/wp-json\/wp\/v2\/media?parent=1567"}],"curies":[{"name":"wp","href":"https:\/\/api.w.org\/{rel}","templated":true}]}}