{"id":1567,"date":"2015-06-27T10:43:07","date_gmt":"2015-06-27T10:43:07","guid":{"rendered":"http:\/\/igor.stojakovic.net\/en\/?page_id=1567"},"modified":"2018-10-12T21:02:31","modified_gmt":"2018-10-12T21:02:31","slug":"destinations-visited","status":"publish","type":"page","link":"https:\/\/igor.stojakovic.net\/hr\/posjecene-destinacije\/","title":{"rendered":"Posje\u0107ene Destinacije"},"content":{"rendered":"<p>Popis posje\u0107enih zemalja i mjesta i linkovi na pripadaju\u0107e, ako postoje. \ud83d\ude42<\/p>\n<table>\n<tr>\n<th>Europa:<\/th>\n<\/tr>\n<\/table>\n<table>\n<tr>\n<th>Br.<\/th>\n<th>Zemlja<\/th>\n<th>Prvi posjet<\/th>\n<th>Komentar<\/th>\n<th>Posje\u0107ena mjesta<\/th>\n<\/tr>\n<tr>\n<td>1<\/td>\n<td>Slovenija<\/td>\n<td>1979<\/td>\n<td>Ro\u0111en i bio masu puta svugdje<\/td>\n<td>Koper, Ljubljana, Portoro\u017e, Maribor, Ptuj, Oto\u010dec, popeo se na nekoliko planina \ud83d\ude42<\/td>\n<\/tr>\n<tr>\n<td>2<\/td>\n<td>Hrvatska<\/td>\n<td>1979<\/td>\n<td>Od tre\u0107eg dana \u017eivio tamo<\/td>\n<td>Mnoga mjesta \ud83d\ude42<\/td>\n<\/tr>\n<tr>\n<td>3<\/td>\n<td>Bosna i Hercegovina<\/td>\n<td>1981<\/td>\n<td>Privatno vi\u0161e puta<\/td>\n<td>Sarajevo, Mostar, Jablanica, Blidinje, Trebinje, Banja Luka, Biha\u0107<\/td>\n<\/tr>\n<tr>\n<td>4<\/td>\n<td>Italija<\/td>\n<td>1983<\/td>\n<td>Privatno vi\u0161e puta<\/td>\n<td>Sicily(mnoga mjesta, osim Palerma), Roma, Bologna, Treviso, Venezia, Trieste&#8230;<\/td>\n<\/tr>\n<tr>\n<td>5<\/td>\n<td>Srbija<\/td>\n<td>1985<\/td>\n<td>Svakako vi\u0161e puta<\/td>\n<td>Beograd, Zemun, Subotica, Novi Sad, \u010ca\u010dak, U\u017eice, Sirogojno, Gu\u0107a, Zlatibor<\/td>\n<\/tr>\n<tr>\n<td>6<\/td>\n<td>Austrija<\/td>\n<td>\t<\/td>\n<td>Obiteljski izlet pa poslovno vi\u0161e puta<\/td>\n<td>Graz, Salzburg, Vienna, Linz<\/td>\n<\/tr>\n<tr>\n<td>7<\/td>\n<td>Ma\u0111arska<\/td>\n<td>1995<\/td>\n<td>Privatno pa poslovno vi\u0161e puta<\/td>\n<td>Budapest, Pech, Gyor, Nagykanizsa<\/td>\n<\/tr>\n<tr>\n<td>8<\/td>\n<td>Engleska<\/td>\n<td>1995<\/td>\n<td>Ljetna \u0161kola engleskoj, poslovno, privatno<\/td>\n<td>Brighton, London, Portsmouth, Stonehenge, Cambridge<\/td>\n<\/tr>\n<tr>\n<td>9<\/td>\n<td>Francuska<\/td>\n<td>1996<\/td>\n<td>Maturalac, poslovno, godi\u0161nji<\/td>\n<td>Dijon, Lyon, Arles, Avignon, Chalon, Paris, Rouen, Le Havre, Versailles<\/td>\n<\/tr>\n<tr>\n<td>10<\/td>\n<td>\u0160panjolska<\/td>\n<td>1996<\/td>\n<td>Maturalac<\/td>\n<td>Barcelona, Lloret de mar<\/td>\n<\/tr>\n<tr>\n<td>11<\/td>\n<td>Monako<\/td>\n<td>1996<\/td>\n<td>Maturalac<\/td>\n<td>Monte Carlo<\/td>\n<\/tr>\n<tr>\n<td>12<\/td>\n<td>Njema\u010dka<\/td>\n<td>2003<\/td>\n<td>Apsolventsko putovanje, posjet bratu, poslovno i \u010desto<\/td>\n<td>Cologne, Mainz, Wiesbaden, Frankfurt, Dusseldorf, Bonn, Koblenz, Trier, Boppard, Mannheim, Speyer, Freiburg, Bad Bellingen, Titise-Neustad, Wurzburg, Nurmberg, Regensburg, Deggendorf, Passau, Traben-Trarbach, Munich&#8230;<\/td>\n<\/tr>\n<tr>\n<td>13<\/td>\n<td>\u010ce\u0161ka<\/td>\n<td>2003<\/td>\n<td>Apsolventsko putovanje<\/td>\n<td>Prague, \u010ce\u0161ke Budjevice, \u010ce\u0161ki Krumlov, Brno<\/td>\n<\/tr>\n<tr>\n<td>14<\/td>\n<td>Slova\u010dka<\/td>\n<td>2003<\/td>\n<td>Apsolventsko putovanje, poslovno vi\u0161e puta<\/td>\n<td>Bratislava<\/td>\n<\/tr>\n<tr>\n<td>16<\/td>\n<td>\u0160vicarska<\/td>\n<td>2005<\/td>\n<td>Poslovno<\/td>\n<td>Basel, Zurich<\/td>\n<\/tr>\n<tr>\n<td>17<\/td>\n<td>Crna Gora<\/td>\n<td>2005<\/td>\n<td>Zabava, vi\u0161e puta<\/td>\n<td>Budva, Tivat, Herceg Novi, Podgorica, Bar, Nik\u0161i\u0107, Cetinje<\/td>\n<\/tr>\n<tr>\n<td>18<\/td>\n<td>Nizozemska<\/td>\n<td>2005<\/td>\n<td>Poslovno i privatno, vi\u0161e puta<\/td>\n<td>Amsterdam, Rotterdam, Den Haag, Willemstad, Utrecht, Amersfoort, Arnhem, Zevenaar, Lobith, Tolkamer, Delft<\/td>\n<\/tr>\n<tr>\n<td>19<\/td>\n<td>Danska<\/td>\n<td>2006<\/td>\n<td>Poslovno i na godi\u0161njem, dva put<\/td>\n<td>Copenhagen, Koge<\/td>\n<\/tr>\n<tr>\n<td>20<\/td>\n<td>Rusija<\/td>\n<td>2006<\/td>\n<td>Poslovno i na godi\u0161njem, dva put<\/td>\n<td>Moscow, Kazanj, St. Petersbourg, Peterhof<\/td>\n<\/tr>\n<tr>\n<td>21<\/td>\n<td>Belgija<\/td>\n<td>2007<\/td>\n<td>Poslovno i na godi\u0161njem, dva put<\/td>\n<td>Antwerpen, Brussels, Ghent, Bruges<\/td>\n<\/tr>\n<tr>\n<td>22<\/td>\n<td>Vatikan<\/td>\n<td>2007<\/td>\n<td>4 dana u Rimu<\/td>\n<td>Vatican \ud83d\ude42<\/td>\n<\/tr>\n<tr>\n<td>26<\/td>\n<td>Irska<\/td>\n<td>2013<\/td>\n<td>Godi\u0161nji, a onda selidba i \u017eivot u Irskoj \ud83d\ude42<\/td>\n<td>Cork, Dublin, Galway, Tralee, Dingle, Killarney, Kenmare<\/td>\n<\/tr>\n<tr>\n<td>28<\/td>\n<td>Sjeverna Irska<\/td>\n<td>2014<\/td>\n<td>Jednodnevni izlet<\/td>\n<td>Belfast, Giants Causeway, Carrick-a-rede<\/td>\n<\/tr>\n<tr>\n<td>30<\/td>\n<td>\u0160vedska<\/td>\n<td>2015<\/td>\n<td>Jednodnevni izlet<\/td>\n<td>Malmo<\/td>\n<\/tr>\n<tr>\n<td>32<\/td>\n<td>Norve\u0161ka<\/td>\n<td>2017<\/td>\n<td>Weekend u Norve\u0161koj<\/td>\n<td>Oslo<\/td>\n<\/tr>\n<tr>\n<td>33<\/td>\n<td>Liechtenstein<\/td>\n<td>2017<\/td>\n<td>Jednodnevni izlet \ud83d\ude42 <\/td>\n<td>Vaduz<\/td>\n<\/tr>\n<tr>\n<td>34<\/td>\n<td>Malta<\/td>\n<td>2018<\/td>\n<td>Tjedan dana na sun\u010danom otoku!<\/td>\n<td>Valletta, Xlendi, Qala ta&#8217; Ba\u0127ar i\u010b-\u010aag\u0127aq<\/td>\n<\/tr>\n<tr>\n<td>35<\/td>\n<td>\u0160kotska<\/td>\n<td>2018<\/td>\n<td>Produ\u017eeni vikend u sun\u010danom Edinburghu<\/td>\n<td>Edinburgh<\/td>\n<\/tr>\n<\/table>\n<table>\n<tr>\n<th>Afrika:<\/th>\n<\/tr>\n<\/table>\n<table>\n<tr>\n<th>Br.<\/th>\n<th>Zemlja<\/th>\n<th>Prvi posjet<\/th>\n<th>Komentar<\/th>\n<th>Posje\u0107ena mjesta<\/th>\n<\/tr>\n<tr>\n<td>23<\/td>\n<td>Egipat<\/td>\n<td>2008<\/td>\n<td>Jednom, godi\u0161nji<\/td>\n<td>Sharm el Sheikh, Giza, Cairo<\/td>\n<\/tr>\n<tr>\n<td>27<\/td>\n<td>Tunis<\/td>\n<td>2014<\/td>\n<td>Jednom, godi\u0161nji<\/td>\n<td>Tunis, Sidi Bou Said, Hammamet, Gabes, Douz, Tozeur, Al-Rudayyif, Gafsa, Al-Qayrawan, Sousse<\/td>\n<\/tr>\n<\/tr>\n<\/table>\n<table>\n<tr>\n<th>Amerike:<\/th>\n<\/tr>\n<\/table>\n<table>\n<tr>\n<th>Br.<\/th>\n<th>Zemlja<\/th>\n<th>Prvi posjet<\/th>\n<th>Komentar<\/th>\n<th>Posje\u0107ena mjesta<\/th>\n<\/tr>\n<tr>\n<td>15<\/td>\n<td>USA<\/td>\n<td>2005<\/td>\n<td>Dva put<\/td>\n<td> <\/td>\n<\/tr>\n<tr>\n<td>15<\/td>\n<td>Wisconsin<\/td>\n<td>\t<\/td>\n<td>\t<\/td>\n<td>Milwaukee, Sturgeon Bay<\/td>\n<\/tr>\n<tr>\n<td>15<\/td>\n<td>Illinois<\/td>\n<td>\t<\/td>\n<td>\t\t<\/td>\n<td>Chicago<\/td>\n<\/tr>\n<tr>\n<td>15<\/td>\n<td>Massachusetts<\/td>\n<td>\t<\/td>\n<td>\t<\/td>\n<td>Boston<\/td>\n<\/tr>\n<\/tr>\n<\/table>\n<table>\n<tr>\n<th>Australija i Azija:<\/th>\n<\/tr>\n<\/table>\n<table>\n<tr>\n<th>Br.<\/th>\n<th>Zemlja<\/th>\n<th>Prvi posjet<\/th>\n<th>Komentar<\/th>\n<th>Posje\u0107ena mjesta<\/th>\n<\/tr>\n<tr>\n<td>&#8212;<\/td>\n<td>Abu Dhabi<\/td>\n<td>2014<\/td>\n<td>Samo na aerodromu \ud83d\ude42<\/td>\n<td>Par sati na putu za Australiju<\/td>\n<\/tr>\n<tr>\n<td>&#8212;<\/td>\n<td>Singapur<\/td>\n<td>2014<\/td>\n<td>Samo na aerodromu \ud83d\ude42<\/td>\n<td>Par sati na putu za Australiju<\/td>\n<\/tr>\n<tr>\n<td>29<\/td>\n<td>Australija<\/td>\n<td>2014<\/td>\n<td>Samo jednom, ali jedva \u010dekam ponovo \ud83d\ude42<\/td>\n<td> <\/td>\n<\/tr>\n<tr>\n<td>29<\/td>\n<td>Victorija<\/td>\n<td> <\/td>\n<td> Visting familly\t&#038; Fun!<\/td>\n<td>Melbourne, Geelong, Ballarat, Melton, Queenscliff, 12 Apostles, Colac, Daylesford, Hepburn Springs<\/td>\n<\/tr>\n<tr>\n<td>29<\/td>\n<td>Tasmanija<\/td>\n<td> <\/td>\n<td>Fun!<\/td>\n<td>Hobarth, Swansea, Launceston, Port Arthur<\/td>\n<\/tr>\n<tr>\n<td>29<\/td>\n<td>Novi Ju\u017eni Vels<\/td>\n<td> <\/td>\n<td>Pure Fun \ud83d\ude42<\/td>\n<td>Sydney, Palm Beach, Manly<\/td>\n<\/tr>\n<tr>\n<td>31<\/td>\n<td>Japan<\/td>\n<td>2015<\/td>\n<td>15 dana zabave! \ud83d\ude42<\/td>\n<td>Tokyo, Mt. Fuji, Fujieda, Kyoto, Himeji, Hiroshima, Nagasaki, Fukuoka, Beppu, Iki, Okayama<\/td>\n<\/tr>\n<\/tr>\n<\/table>\n<table>\n<tr>\n<th>Bliski Istok:<\/th>\n<\/tr>\n<\/table>\n<table>\n<tr>\n<th>Br.<\/th>\n<th>Zemlja<\/th>\n<th>Prvi posjet<\/th>\n<th>Komentar<\/th>\n<th>Posje\u0107ena mjesta<\/th>\n<\/tr>\n<tr>\n<td>24<\/td>\n<td>Jordan<\/td>\n<td>2008<\/td>\n<td>Vacations<\/td>\n<td>Petra<\/td>\n<\/tr>\n<tr>\n<td>25<\/td>\n<td>Izrael<\/td>\n<td>2008<\/td>\n<td>Vacations<\/td>\n<td>Mrtvo More, Jeruzalem<\/td>\n<\/tr>\n<\/tr>\n<\/table>\n<p><\/p>","protected":false},"excerpt":{"rendered":"<p>Popis posje\u0107enih zemalja i mjesta i linkovi na pripadaju\u0107e, ako postoje. \ud83d\ude42 Europa: Br. Zemlja Prvi posjet Komentar Posje\u0107ena mjesta 1 Slovenija 1979 Ro\u0111en i bio masu puta svugdje Koper, Ljubljana, Portoro\u017e, Maribor, Ptuj, Oto\u010dec, popeo se na nekoliko planina \ud83d\ude42 2 Hrvatska 1979 Od tre\u0107eg dana \u017eivio tamo Mnoga mjesta \ud83d\ude42 3 Bosna i&#8230;<\/p>\n","protected":false},"author":1,"featured_media":1737,"parent":0,"menu_order":0,"comment_status":"closed","ping_status":"closed","template":"","meta":{"jetpack_post_was_ever_published":false,"footnotes":""},"class_list":["post-1567","page","type-page","status-publish","has-post-thumbnail","hentry"],"yoast_head":"<!-- This site is optimized with the Yoast SEO plugin v25.1 - https:\/\/yoast.com\/wordpress\/plugins\/seo\/ -->\n<title>Posje\u0107ene Destinacije - Igor<\/title>\n<meta name=\"robots\" content=\"index, follow, max-snippet:-1, max-image-preview:large, max-video-preview:-1\" \/>\n<link rel=\"canonical\" href=\"https:\/\/igor.stojakovic.net\/en\/destinations-visited\/\" \/>\n<meta property=\"og:locale\" content=\"hr_HR\" \/>\n<meta property=\"og:type\" content=\"article\" \/>\n<meta property=\"og:title\" content=\"[:hr]Posje\u0107ene Destinacije[:en]Destinations visited[:] - Igor\" \/>\n<meta property=\"og:description\" content=\"Popis posje\u0107enih zemalja i mjesta i linkovi na pripadaju\u0107e, ako postoje. \ud83d\ude42 Europa: Br. Zemlja Prvi posjet Komentar Posje\u0107ena mjesta 1 Slovenija 1979 Ro\u0111en i bio masu puta svugdje Koper, Ljubljana, Portoro\u017e, Maribor, Ptuj, Oto\u010dec, popeo se na nekoliko planina \ud83d\ude42 2 Hrvatska 1979 Od tre\u0107eg dana \u017eivio tamo Mnoga mjesta \ud83d\ude42 3 Bosna i...\" \/>\n<meta property=\"og:url\" content=\"https:\/\/igor.stojakovic.net\/en\/destinations-visited\/\" \/>\n<meta property=\"og:site_name\" content=\"Igor\" \/>\n<meta property=\"article:modified_time\" content=\"2018-10-12T21:02:31+00:00\" \/>\n<meta property=\"og:image\" content=\"https:\/\/igor.stojakovic.net\/wp-content\/uploads\/2015\/06\/MyWorldVisited.jpg\" \/>\n\t<meta property=\"og:image:width\" content=\"2000\" \/>\n\t<meta property=\"og:image:height\" content=\"1412\" \/>\n\t<meta property=\"og:image:type\" content=\"image\/jpeg\" \/>\n<meta name=\"twitter:label1\" content=\"Est. reading time\" \/>\n\t<meta name=\"twitter:data1\" content=\"4 minutes\" \/>\n<script type=\"application\/ld+json\" class=\"yoast-schema-graph\">{\"@context\":\"https:\/\/schema.org\",\"@graph\":[{\"@type\":\"WebPage\",\"@id\":\"https:\/\/igor.stojakovic.net\/en\/destinations-visited\/\",\"url\":\"https:\/\/igor.stojakovic.net\/en\/destinations-visited\/\",\"name\":\"[:hr]Posje\u0107ene Destinacije[:en]Destinations visited[:] - Igor\",\"isPartOf\":{\"@id\":\"https:\/\/igor.stojakovic.net\/en\/#website\"},\"primaryImageOfPage\":{\"@id\":\"https:\/\/igor.stojakovic.net\/en\/destinations-visited\/#primaryimage\"},\"image\":{\"@id\":\"https:\/\/igor.stojakovic.net\/en\/destinations-visited\/#primaryimage\"},\"thumbnailUrl\":\"https:\/\/igor.stojakovic.net\/wp-content\/uploads\/2015\/06\/MyWorldVisited.jpg\",\"datePublished\":\"2015-06-27T10:43:07+00:00\",\"dateModified\":\"2018-10-12T21:02:31+00:00\",\"breadcrumb\":{\"@id\":\"https:\/\/igor.stojakovic.net\/en\/destinations-visited\/#breadcrumb\"},\"inLanguage\":\"hr-HR\",\"potentialAction\":[{\"@type\":\"ReadAction\",\"target\":[\"https:\/\/igor.stojakovic.net\/en\/destinations-visited\/\"]}]},{\"@type\":\"ImageObject\",\"inLanguage\":\"hr-HR\",\"@id\":\"https:\/\/igor.stojakovic.net\/en\/destinations-visited\/#primaryimage\",\"url\":\"https:\/\/igor.stojakovic.net\/wp-content\/uploads\/2015\/06\/MyWorldVisited.jpg\",\"contentUrl\":\"https:\/\/igor.stojakovic.net\/wp-content\/uploads\/2015\/06\/MyWorldVisited.jpg\",\"width\":2000,\"height\":1412},{\"@type\":\"BreadcrumbList\",\"@id\":\"https:\/\/igor.stojakovic.net\/en\/destinations-visited\/#breadcrumb\",\"itemListElement\":[{\"@type\":\"ListItem\",\"position\":1,\"name\":\"Home\",\"item\":\"https:\/\/igor.stojakovic.net\/en\/\"},{\"@type\":\"ListItem\",\"position\":2,\"name\":\"Destinations visited\"}]},{\"@type\":\"WebSite\",\"@id\":\"https:\/\/igor.stojakovic.net\/en\/#website\",\"url\":\"https:\/\/igor.stojakovic.net\/en\/\",\"name\":\"Igor\",\"description\":\"Life in Ireland, traveling, books, food, drinks, photography and fun :)\",\"potentialAction\":[{\"@type\":\"SearchAction\",\"target\":{\"@type\":\"EntryPoint\",\"urlTemplate\":\"https:\/\/igor.stojakovic.net\/en\/?s={search_term_string}\"},\"query-input\":{\"@type\":\"PropertyValueSpecification\",\"valueRequired\":true,\"valueName\":\"search_term_string\"}}],\"inLanguage\":\"hr-HR\"}]}<\/script>\n<!-- \/ Yoast SEO plugin. -->","yoast_head_json":{"title":"Posje\u0107ene Destinacije - Igor","robots":{"index":"index","follow":"follow","max-snippet":"max-snippet:-1","max-image-preview":"max-image-preview:large","max-video-preview":"max-video-preview:-1"},"canonical":"https:\/\/igor.stojakovic.net\/en\/destinations-visited\/","og_locale":"hr_HR","og_type":"article","og_title":"[:hr]Posje\u0107ene Destinacije[:en]Destinations visited[:] - Igor","og_description":"Popis posje\u0107enih zemalja i mjesta i linkovi na pripadaju\u0107e, ako postoje. \ud83d\ude42 Europa: Br. Zemlja Prvi posjet Komentar Posje\u0107ena mjesta 1 Slovenija 1979 Ro\u0111en i bio masu puta svugdje Koper, Ljubljana, Portoro\u017e, Maribor, Ptuj, Oto\u010dec, popeo se na nekoliko planina \ud83d\ude42 2 Hrvatska 1979 Od tre\u0107eg dana \u017eivio tamo Mnoga mjesta \ud83d\ude42 3 Bosna i...","og_url":"https:\/\/igor.stojakovic.net\/en\/destinations-visited\/","og_site_name":"Igor","article_modified_time":"2018-10-12T21:02:31+00:00","og_image":[{"width":2000,"height":1412,"url":"https:\/\/igor.stojakovic.net\/wp-content\/uploads\/2015\/06\/MyWorldVisited.jpg","type":"image\/jpeg"}],"twitter_misc":{"Est. reading time":"4 minutes"},"schema":{"@context":"https:\/\/schema.org","@graph":[{"@type":"WebPage","@id":"https:\/\/igor.stojakovic.net\/en\/destinations-visited\/","url":"https:\/\/igor.stojakovic.net\/en\/destinations-visited\/","name":"[:hr]Posje\u0107ene Destinacije[:en]Destinations visited[:] - Igor","isPartOf":{"@id":"https:\/\/igor.stojakovic.net\/en\/#website"},"primaryImageOfPage":{"@id":"https:\/\/igor.stojakovic.net\/en\/destinations-visited\/#primaryimage"},"image":{"@id":"https:\/\/igor.stojakovic.net\/en\/destinations-visited\/#primaryimage"},"thumbnailUrl":"https:\/\/igor.stojakovic.net\/wp-content\/uploads\/2015\/06\/MyWorldVisited.jpg","datePublished":"2015-06-27T10:43:07+00:00","dateModified":"2018-10-12T21:02:31+00:00","breadcrumb":{"@id":"https:\/\/igor.stojakovic.net\/en\/destinations-visited\/#breadcrumb"},"inLanguage":"hr-HR","potentialAction":[{"@type":"ReadAction","target":["https:\/\/igor.stojakovic.net\/en\/destinations-visited\/"]}]},{"@type":"ImageObject","inLanguage":"hr-HR","@id":"https:\/\/igor.stojakovic.net\/en\/destinations-visited\/#primaryimage","url":"https:\/\/igor.stojakovic.net\/wp-content\/uploads\/2015\/06\/MyWorldVisited.jpg","contentUrl":"https:\/\/igor.stojakovic.net\/wp-content\/uploads\/2015\/06\/MyWorldVisited.jpg","width":2000,"height":1412},{"@type":"BreadcrumbList","@id":"https:\/\/igor.stojakovic.net\/en\/destinations-visited\/#breadcrumb","itemListElement":[{"@type":"ListItem","position":1,"name":"Home","item":"https:\/\/igor.stojakovic.net\/en\/"},{"@type":"ListItem","position":2,"name":"Destinations visited"}]},{"@type":"WebSite","@id":"https:\/\/igor.stojakovic.net\/en\/#website","url":"https:\/\/igor.stojakovic.net\/en\/","name":"Igor","description":"Life in Ireland, traveling, books, food, drinks, photography and fun :)","potentialAction":[{"@type":"SearchAction","target":{"@type":"EntryPoint","urlTemplate":"https:\/\/igor.stojakovic.net\/en\/?s={search_term_string}"},"query-input":{"@type":"PropertyValueSpecification","valueRequired":true,"valueName":"search_term_string"}}],"inLanguage":"hr-HR"}]}},"jetpack_shortlink":"https:\/\/wp.me\/P5MH6F-ph","jetpack_sharing_enabled":true,"_links":{"self":[{"href":"https:\/\/igor.stojakovic.net\/hr\/wp-json\/wp\/v2\/pages\/1567","targetHints":{"allow":["GET"]}}],"collection":[{"href":"https:\/\/igor.stojakovic.net\/hr\/wp-json\/wp\/v2\/pages"}],"about":[{"href":"https:\/\/igor.stojakovic.net\/hr\/wp-json\/wp\/v2\/types\/page"}],"author":[{"embeddable":true,"href":"https:\/\/igor.stojakovic.net\/hr\/wp-json\/wp\/v2\/users\/1"}],"replies":[{"embeddable":true,"href":"https:\/\/igor.stojakovic.net\/hr\/wp-json\/wp\/v2\/comments?post=1567"}],"version-history":[{"count":26,"href":"https:\/\/igor.stojakovic.net\/hr\/wp-json\/wp\/v2\/pages\/1567\/revisions"}],"predecessor-version":[{"id":2743,"href":"https:\/\/igor.stojakovic.net\/hr\/wp-json\/wp\/v2\/pages\/1567\/revisions\/2743"}],"wp:featuredmedia":[{"embeddable":true,"href":"https:\/\/igor.stojakovic.net\/hr\/wp-json\/wp\/v2\/media\/1737"}],"wp:attachment":[{"href":"https:\/\/igor.stojakovic.net\/hr\/wp-json\/wp\/v2\/media?parent=1567"}],"curies":[{"name":"wp","href":"https:\/\/api.w.org\/{rel}","templated":true}]}}