{"id":337,"date":"2014-01-05T22:26:13","date_gmt":"2014-01-05T22:26:13","guid":{"rendered":"http:\/\/igor.stojakovic.net\/en\/?page_id=337"},"modified":"2014-09-14T07:53:01","modified_gmt":"2014-09-14T07:53:01","slug":"the-author","status":"publish","type":"page","link":"https:\/\/igor.stojakovic.net\/hr\/o-autoru\/","title":{"rendered":"&#8230; autoru"},"content":{"rendered":"<p>Pozdrav, <\/p>\n<p>Ja sam Igor, ina\u010de iz Umaga, Istre, Hrvatske. \u017divot me do sad pazio i omogu\u0107io mi da zadovoljim svoje raznolike apetite i probam razne stvari. Omogu\u0107io mi je i da puno putujem i radim za nekoliko poznatih me\u0111unarodnih multinacionalnih firmi, a sve je to ispunilo moj \u017eivot neprocjenjivim iskustvima. <\/p>\n<p>Od rujna 2013. preselio sam sa svojom suprugom u Dublin, Irsku. Za pre\u017eivljavanje obi\u010dno ne\u0161to \u010da\u010dkam po informati\u010dkim poslovima (ve\u0107 neko vrijeme radim u poslovima osiguranja kvalitete softwarea). Osim igranja tehno gadgetima i softwareom volim putovati, slikati, pisati (najvi\u0161e putopisne reporta\u017ee), kuhati i jesti jela iz razli\u010ditih kuhinja, jesti dobre sireve, ku\u0161ati dobra vina i piva. <\/p>\n<p><div data-test='contact-form' id='contact-form-337' class='wp-block-jetpack-contact-form-container '>\n<form action='https:\/\/igor.stojakovic.net\/hr\/o-autoru\/#contact-form-337' method='post' class='contact-form commentsblock' aria-label=\"&lt;!--:hr--&gt;... autoru&lt;!--:--&gt;&lt;!--:en--&gt;... the author&lt;!--:--&gt;\" novalidate>\n\n<div style=\"\" class='grunion-field-name-wrap grunion-field-wrap'  >\n<label\n\t\t\t\tfor='g337-name'\n\t\t\t\tclass='grunion-field-label name'>Name<span class=\"grunion-label-required\" aria-hidden=\"true\">(required)<\/span><\/label>\n<input\n\t\t\t\t\ttype='text'\n\t\t\t\t\tname='g337-name'\n\t\t\t\t\tid='g337-name'\n\t\t\t\t\tvalue=''\n\t\t\t\t\tclass='name  grunion-field' \n\t\t\t\t\trequired aria-required='true' \/>\n\t<\/div>\n\n<div style=\"\" class='grunion-field-email-wrap grunion-field-wrap'  >\n<label\n\t\t\t\tfor='g337-email'\n\t\t\t\tclass='grunion-field-label email'>Email<span class=\"grunion-label-required\" aria-hidden=\"true\">(required)<\/span><\/label>\n<input\n\t\t\t\t\ttype='email'\n\t\t\t\t\tname='g337-email'\n\t\t\t\t\tid='g337-email'\n\t\t\t\t\tvalue=''\n\t\t\t\t\tclass='email  grunion-field' \n\t\t\t\t\trequired aria-required='true' \/>\n\t<\/div>\n\n<div style=\"\" class='grunion-field-url-wrap grunion-field-wrap'  >\n<label\n\t\t\t\tfor='g337-website'\n\t\t\t\tclass='grunion-field-label url'>Website<\/label>\n<input\n\t\t\t\t\ttype='text'\n\t\t\t\t\tname='g337-website'\n\t\t\t\t\tid='g337-website'\n\t\t\t\t\tvalue=''\n\t\t\t\t\tclass='url  grunion-field' \n\t\t\t\t\ttitle=\"Please enter a valid URL - https:\/\/www.example.com\" oninvalid=\"setCustomValidity(&quot;Please enter a valid URL - https:\/\/www.example.com&quot;)\" oninput=\"setCustomValidity(&quot;&quot;)\" pattern=\"(?:(?:[Hh][Tt][Tt][Pp][Ss]?|[Ff][Tt][Pp]):\\\/\\\/)?(?:\\S+(?::\\S*)?@|\\d{1,3}(?:\\.\\d{1,3}){3}|(?:(?:[a-zA-Z\\d\\u00a1-\\uffff]+-?)*[a-zA-Z\\d\\u00a1-\\uffff]+)(?:\\.(?:[a-zA-Z\\d\\u00a1-\\uffff]+-?)*[a-zA-Z\\d\\u00a1-\\uffff]+)*(?:\\.[a-zA-Z\\u00a1-\\uffff]{2,6}))(?::\\d+)?(?:[^\\s]*)?\" data-type-override=\"url\"  \/>\n\t<\/div>\n\n<div style=\"\" class='grunion-field-textarea-wrap grunion-field-wrap'  >\n<label\n\t\t\t\tfor='contact-form-comment-g337-comment'\n\t\t\t\tclass='grunion-field-label textarea'>Comment<span class=\"grunion-label-required\" aria-hidden=\"true\">(required)<\/span><\/label>\n<textarea\n\t\t                style=''\n\t\t                name='g337-comment'\n\t\t                id='contact-form-comment-g337-comment'\n\t\t                rows='20' class='textarea  grunion-field'  required aria-required='true'><\/textarea>\n\t<\/div>\n\t<p class='contact-submit'>\n\t\t<button type='submit' class='pushbutton-wide'>Submit<\/button>\t\t<input type='hidden' name='contact-form-id' value='337' \/>\n\t\t<input type='hidden' name='action' value='grunion-contact-form' \/>\n\t\t<input type='hidden' name='contact-form-hash' value='99944a62d47f11216023fa256c626be60769bcae' \/>\n\t<\/p>\n<\/form>\n<\/div> <\/p>","protected":false},"excerpt":{"rendered":"<p>Pozdrav, Ja sam Igor, ina\u010de iz Umaga, Istre, Hrvatske. \u017divot me do sad pazio i omogu\u0107io mi da zadovoljim svoje raznolike apetite i probam razne stvari. Omogu\u0107io mi je i da puno putujem i radim za nekoliko poznatih me\u0111unarodnih multinacionalnih firmi, a sve je to ispunilo moj \u017eivot neprocjenjivim iskustvima. Od rujna 2013. preselio sam&#8230;<\/p>\n","protected":false},"author":1,"featured_media":121,"parent":0,"menu_order":0,"comment_status":"closed","ping_status":"open","template":"","meta":{"jetpack_post_was_ever_published":false,"footnotes":""},"class_list":["post-337","page","type-page","status-publish","has-post-thumbnail","hentry"],"yoast_head":"<!-- This site is optimized with the Yoast SEO plugin v25.1 - https:\/\/yoast.com\/wordpress\/plugins\/seo\/ -->\n<title>... autoru... the author - Igor<\/title>\n<meta name=\"robots\" content=\"index, follow, max-snippet:-1, max-image-preview:large, max-video-preview:-1\" \/>\n<link rel=\"canonical\" href=\"https:\/\/igor.stojakovic.net\/en\/about-the-author\/\" \/>\n<meta property=\"og:locale\" content=\"hr_HR\" \/>\n<meta property=\"og:type\" content=\"article\" \/>\n<meta property=\"og:title\" content=\"... autoru... the author - Igor\" \/>\n<meta property=\"og:description\" content=\"Pozdrav, Ja sam Igor, ina\u010de iz Umaga, Istre, Hrvatske. \u017divot me do sad pazio i omogu\u0107io mi da zadovoljim svoje raznolike apetite i probam razne stvari. Omogu\u0107io mi je i da puno putujem i radim za nekoliko poznatih me\u0111unarodnih multinacionalnih firmi, a sve je to ispunilo moj \u017eivot neprocjenjivim iskustvima. Od rujna 2013. preselio sam...\" \/>\n<meta property=\"og:url\" content=\"https:\/\/igor.stojakovic.net\/en\/about-the-author\/\" \/>\n<meta property=\"og:site_name\" content=\"Igor\" \/>\n<meta property=\"article:modified_time\" content=\"2014-09-14T07:53:01+00:00\" \/>\n<meta property=\"og:image\" content=\"https:\/\/igor.stojakovic.net\/wp-content\/uploads\/2013\/10\/Zbevnica.jpg\" \/>\n\t<meta property=\"og:image:width\" content=\"2000\" \/>\n\t<meta property=\"og:image:height\" content=\"1183\" \/>\n\t<meta property=\"og:image:type\" content=\"image\/jpeg\" \/>\n<meta name=\"twitter:label1\" content=\"Est. reading time\" \/>\n\t<meta name=\"twitter:data1\" content=\"1 minute\" \/>\n<script type=\"application\/ld+json\" class=\"yoast-schema-graph\">{\"@context\":\"https:\/\/schema.org\",\"@graph\":[{\"@type\":\"WebPage\",\"@id\":\"https:\/\/igor.stojakovic.net\/en\/about-the-author\/\",\"url\":\"https:\/\/igor.stojakovic.net\/en\/about-the-author\/\",\"name\":\"... autoru... the author - Igor\",\"isPartOf\":{\"@id\":\"https:\/\/igor.stojakovic.net\/en\/#website\"},\"primaryImageOfPage\":{\"@id\":\"https:\/\/igor.stojakovic.net\/en\/about-the-author\/#primaryimage\"},\"image\":{\"@id\":\"https:\/\/igor.stojakovic.net\/en\/about-the-author\/#primaryimage\"},\"thumbnailUrl\":\"https:\/\/igor.stojakovic.net\/wp-content\/uploads\/2013\/10\/Zbevnica.jpg\",\"datePublished\":\"2014-01-05T22:26:13+00:00\",\"dateModified\":\"2014-09-14T07:53:01+00:00\",\"breadcrumb\":{\"@id\":\"https:\/\/igor.stojakovic.net\/en\/about-the-author\/#breadcrumb\"},\"inLanguage\":\"hr-HR\",\"potentialAction\":[{\"@type\":\"ReadAction\",\"target\":[\"https:\/\/igor.stojakovic.net\/en\/about-the-author\/\"]}]},{\"@type\":\"ImageObject\",\"inLanguage\":\"hr-HR\",\"@id\":\"https:\/\/igor.stojakovic.net\/en\/about-the-author\/#primaryimage\",\"url\":\"https:\/\/igor.stojakovic.net\/wp-content\/uploads\/2013\/10\/Zbevnica.jpg\",\"contentUrl\":\"https:\/\/igor.stojakovic.net\/wp-content\/uploads\/2013\/10\/Zbevnica.jpg\",\"width\":2000,\"height\":1183},{\"@type\":\"BreadcrumbList\",\"@id\":\"https:\/\/igor.stojakovic.net\/en\/about-the-author\/#breadcrumb\",\"itemListElement\":[{\"@type\":\"ListItem\",\"position\":1,\"name\":\"Home\",\"item\":\"https:\/\/igor.stojakovic.net\/en\/\"},{\"@type\":\"ListItem\",\"position\":2,\"name\":\"&#8230; the author\"}]},{\"@type\":\"WebSite\",\"@id\":\"https:\/\/igor.stojakovic.net\/en\/#website\",\"url\":\"https:\/\/igor.stojakovic.net\/en\/\",\"name\":\"Igor\",\"description\":\"Life in Ireland, traveling, books, food, drinks, photography and fun :)\",\"potentialAction\":[{\"@type\":\"SearchAction\",\"target\":{\"@type\":\"EntryPoint\",\"urlTemplate\":\"https:\/\/igor.stojakovic.net\/en\/?s={search_term_string}\"},\"query-input\":{\"@type\":\"PropertyValueSpecification\",\"valueRequired\":true,\"valueName\":\"search_term_string\"}}],\"inLanguage\":\"hr-HR\"}]}<\/script>\n<!-- \/ Yoast SEO plugin. -->","yoast_head_json":{"title":"... autoru... the author - Igor","robots":{"index":"index","follow":"follow","max-snippet":"max-snippet:-1","max-image-preview":"max-image-preview:large","max-video-preview":"max-video-preview:-1"},"canonical":"https:\/\/igor.stojakovic.net\/en\/about-the-author\/","og_locale":"hr_HR","og_type":"article","og_title":"... autoru... the author - Igor","og_description":"Pozdrav, Ja sam Igor, ina\u010de iz Umaga, Istre, Hrvatske. \u017divot me do sad pazio i omogu\u0107io mi da zadovoljim svoje raznolike apetite i probam razne stvari. Omogu\u0107io mi je i da puno putujem i radim za nekoliko poznatih me\u0111unarodnih multinacionalnih firmi, a sve je to ispunilo moj \u017eivot neprocjenjivim iskustvima. Od rujna 2013. preselio sam...","og_url":"https:\/\/igor.stojakovic.net\/en\/about-the-author\/","og_site_name":"Igor","article_modified_time":"2014-09-14T07:53:01+00:00","og_image":[{"width":2000,"height":1183,"url":"https:\/\/igor.stojakovic.net\/wp-content\/uploads\/2013\/10\/Zbevnica.jpg","type":"image\/jpeg"}],"twitter_misc":{"Est. reading time":"1 minute"},"schema":{"@context":"https:\/\/schema.org","@graph":[{"@type":"WebPage","@id":"https:\/\/igor.stojakovic.net\/en\/about-the-author\/","url":"https:\/\/igor.stojakovic.net\/en\/about-the-author\/","name":"... autoru... the author - Igor","isPartOf":{"@id":"https:\/\/igor.stojakovic.net\/en\/#website"},"primaryImageOfPage":{"@id":"https:\/\/igor.stojakovic.net\/en\/about-the-author\/#primaryimage"},"image":{"@id":"https:\/\/igor.stojakovic.net\/en\/about-the-author\/#primaryimage"},"thumbnailUrl":"https:\/\/igor.stojakovic.net\/wp-content\/uploads\/2013\/10\/Zbevnica.jpg","datePublished":"2014-01-05T22:26:13+00:00","dateModified":"2014-09-14T07:53:01+00:00","breadcrumb":{"@id":"https:\/\/igor.stojakovic.net\/en\/about-the-author\/#breadcrumb"},"inLanguage":"hr-HR","potentialAction":[{"@type":"ReadAction","target":["https:\/\/igor.stojakovic.net\/en\/about-the-author\/"]}]},{"@type":"ImageObject","inLanguage":"hr-HR","@id":"https:\/\/igor.stojakovic.net\/en\/about-the-author\/#primaryimage","url":"https:\/\/igor.stojakovic.net\/wp-content\/uploads\/2013\/10\/Zbevnica.jpg","contentUrl":"https:\/\/igor.stojakovic.net\/wp-content\/uploads\/2013\/10\/Zbevnica.jpg","width":2000,"height":1183},{"@type":"BreadcrumbList","@id":"https:\/\/igor.stojakovic.net\/en\/about-the-author\/#breadcrumb","itemListElement":[{"@type":"ListItem","position":1,"name":"Home","item":"https:\/\/igor.stojakovic.net\/en\/"},{"@type":"ListItem","position":2,"name":"&#8230; the author"}]},{"@type":"WebSite","@id":"https:\/\/igor.stojakovic.net\/en\/#website","url":"https:\/\/igor.stojakovic.net\/en\/","name":"Igor","description":"Life in Ireland, traveling, books, food, drinks, photography and fun :)","potentialAction":[{"@type":"SearchAction","target":{"@type":"EntryPoint","urlTemplate":"https:\/\/igor.stojakovic.net\/en\/?s={search_term_string}"},"query-input":{"@type":"PropertyValueSpecification","valueRequired":true,"valueName":"search_term_string"}}],"inLanguage":"hr-HR"}]}},"jetpack_shortlink":"https:\/\/wp.me\/P5MH6F-5r","jetpack_sharing_enabled":true,"_links":{"self":[{"href":"https:\/\/igor.stojakovic.net\/hr\/wp-json\/wp\/v2\/pages\/337","targetHints":{"allow":["GET"]}}],"collection":[{"href":"https:\/\/igor.stojakovic.net\/hr\/wp-json\/wp\/v2\/pages"}],"about":[{"href":"https:\/\/igor.stojakovic.net\/hr\/wp-json\/wp\/v2\/types\/page"}],"author":[{"embeddable":true,"href":"https:\/\/igor.stojakovic.net\/hr\/wp-json\/wp\/v2\/users\/1"}],"replies":[{"embeddable":true,"href":"https:\/\/igor.stojakovic.net\/hr\/wp-json\/wp\/v2\/comments?post=337"}],"version-history":[{"count":7,"href":"https:\/\/igor.stojakovic.net\/hr\/wp-json\/wp\/v2\/pages\/337\/revisions"}],"predecessor-version":[{"id":826,"href":"https:\/\/igor.stojakovic.net\/hr\/wp-json\/wp\/v2\/pages\/337\/revisions\/826"}],"wp:featuredmedia":[{"embeddable":true,"href":"https:\/\/igor.stojakovic.net\/hr\/wp-json\/wp\/v2\/media\/121"}],"wp:attachment":[{"href":"https:\/\/igor.stojakovic.net\/hr\/wp-json\/wp\/v2\/media?parent=337"}],"curies":[{"name":"wp","href":"https:\/\/api.w.org\/{rel}","templated":true}]}}