{"id":419,"date":"2014-02-23T19:07:36","date_gmt":"2014-02-23T19:07:36","guid":{"rendered":"http:\/\/igor.stojakovic.net\/en\/?page_id=419"},"modified":"2014-09-14T08:33:51","modified_gmt":"2014-09-14T08:33:51","slug":"interesting-irish-links","status":"publish","type":"page","link":"https:\/\/igor.stojakovic.net\/hr\/interesantni-irski-linkovi\/","title":{"rendered":"Interesantni irski linkovi"},"content":{"rendered":"<p>Stranicu sa zanimljivim linkovima izdvojio sam iz bloga, tako da je mogu uredno izmjenjivati, a i da bude lak\u0161e dostupna. Ovo su neki linkovi koji poma\u017eu \u017eivot u stranoj zemlji i koji su meni zanimljivi. Ujedno, mogu biti dobra po\u010detna to\u010dka prilikom istra\u017eivanja Irske i \u017eivota u Dublinu. \ud83d\ude42<\/p>\n<p><strong>Razne ozbiljne stranice:<\/strong><br \/>\n<a href=\"http:\/\/www.citizensinformation.ie\/en\/\" title=\"http:\/\/www.citizensinformation.ie\/en\/\" target=\"_blank\">http:\/\/www.citizensinformation.ie\/en\/<\/a>   &#8211; Formalno pravno o \u017eivotu u Irskoj<br \/>\n<a href=\"http:\/\/www.revenue.ie\/en\/index.html\" title=\"http:\/\/www.revenue.ie\/en\/index.html\" target=\"_blank\">http:\/\/www.revenue.ie\/en\/index.html<\/a>    &#8211; Porezna uprava<br \/>\n<a href=\"http:\/\/bit.ly\/1caoSsQ\" title=\"http:\/\/bit.ly\/1caoSsQ\" target=\"_blank\">http:\/\/bit.ly\/1caoSsQ<\/a>                                  &#8211; Najbolji Tax kalkulator koji sam na\u0161ao<br \/>\n<a href=\"http:\/\/www.biketowork.ie\/ \" title=\"http:\/\/www.biketowork.ie\/ \" target=\"_blank\">http:\/\/www.biketowork.ie\/ <\/a>                       &#8211; Biciklom na posao (dr\u017eava subvencionira)<br \/>\n<a href=\"http:\/\/www.gov.ie\/services\/compare-health-insurance-policies-and-prices\/\" title=\"http:\/\/www.gov.ie\/services\/compare-health-insurance-policies-and-prices\/\" target=\"_blank\">http:\/\/www.gov.ie\/services\/compare-health-insurance-policies-and-prices\/<\/a>   &#8211; Usporedbe zdravstvenih osiguranja<\/p>\n<p><strong>Dublin:<\/strong><br \/>\n<a href=\"http:\/\/www.movetodublin.com\/define-your-search-profile\/ \" title=\"http:\/\/www.movetodublin.com\/define-your-search-profile\/ \" target=\"_blank\">http:\/\/www.movetodublin.com\/define-your-search-profile\/ <\/a>       &#8211; Informacije o seljenju u Dublin<\/p>\n<p><strong>Prijevoz:<\/strong><br \/>\n<a href=\"http:\/\/www.dublinbus.ie\/Your-Journey1\/Timetables\/\" title=\"http:\/\/www.dublinbus.ie\/Your-Journey1\/Timetables\/\" target=\"_blank\">http:\/\/www.dublinbus.ie\/Your-Journey1\/Timetables\/<\/a>  &#8211; Slu\u017ebeni site o prijevozu busom u Dublinu<br \/>\n<a href=\"http:\/\/www.luas.ie\/ \" title=\"http:\/\/www.luas.ie\/ \" target=\"_blank\">http:\/\/www.luas.ie\/ <\/a>           &#8211; Slu\u017ebeni site o prijevozu tramvajem u Dublinu<br \/>\n<a href=\"http:\/\/www.irishrail.ie\/\" title=\"http:\/\/www.irishrail.ie\/\" target=\"_blank\">http:\/\/www.irishrail.ie\/<\/a>      &#8211; Slu\u017ebeni site o prijevozu vlakom u Dublinu<br \/>\n<a href=\"http:\/\/hittheroad.ie\/\" title=\"http:\/\/hittheroad.ie\/\" target=\"_blank\">http:\/\/hittheroad.ie\/<\/a>          &#8211; Organizacija javnog prijevoza u Dublinu na interaktivnoj karti<br \/>\n<a href=\"http:\/\/www.iwai.ie\/#contents\" title=\"http:\/\/www.iwai.ie\/#contents\" target=\"_blank\">http:\/\/www.iwai.ie\/#contents<\/a>    &#8211; Irski vodeni putevi! (Jer kad se jednom zaljubi\u0161 u rijeke i kanale&#8230; nema nazad!)<\/p>\n<p><strong>Konzulati\/Ambasade:<\/strong><br \/>\n<a href=\"http:\/\/ie.mvep.hr\/\" title=\"http:\/\/ie.mvep.hr\/\" target=\"_blank\">http:\/\/ie.mvep.hr\/<\/a> &#8211; Hrvatska<br \/>\n<a href=\"http:\/\/www.serbianconsulate-ireland.ie\/srb_lat\/home.php\" title=\"http:\/\/www.serbianconsulate-ireland.ie\/srb_lat\/home.php\" target=\"_blank\">http:\/\/www.serbianconsulate-ireland.ie\/srb_lat\/home.php<\/a>  &#8211; Srbija<br \/>\n<a href=\"http:\/\/www.dublin.veleposlanistvo.si\/\" title=\"http:\/\/www.dublin.veleposlanistvo.si\/\" target=\"_blank\">http:\/\/www.dublin.veleposlanistvo.si\/<\/a>   &#8211; Slovenija<br \/>\n<a href=\"http:\/\/www.mvp.gov.ba\/ambasade_konzulati_misije\/ambasade_konzulati_i_stalne_misije_bih\/DIPL_KONZ_PREST\/UK\/?id=7096\" title=\"http:\/\/www.mvp.gov.ba\/ambasade_konzulati_misije\/ambasade_konzulati_i_stalne_misije_bih\/DIPL_KONZ_PREST\/UK\/?id=7096\" target=\"_blank\">http:\/\/www.mvp.gov.ba\/ambasade_konzulati_misije\/ambasade_konzulati_i_stalne_misije_bih\/DIPL_KONZ_PREST\/UK\/?id=7096<\/a>  &#8211; BiH<\/p>\n<p><strong>Banke:<\/strong><br \/>\n<a href=\"http:\/\/www.aib.ie\/personal\/home\" title=\"http:\/\/www.aib.ie\/personal\/home\" target=\"_blank\">http:\/\/www.aib.ie\/personal\/home<\/a>                    &#8211; AIB banka<br \/>\n<a href=\"http:\/\/www.ulsterbank.ie\/roi\/personal.ashx\" title=\"http:\/\/www.ulsterbank.ie\/roi\/personal.ashx\" target=\"_blank\">http:\/\/www.ulsterbank.ie\/roi\/personal.ashx<\/a>  &#8211; Ulster banka<br \/>\n<a href=\"http:\/\/www.bankofireland.com\/\" title=\"http:\/\/www.bankofireland.com\/\" target=\"_blank\">http:\/\/www.bankofireland.com\/ <\/a>                      &#8211; Bank of Ireland<br \/>\n<a title=\"Permanent TSB Bank\" href=\"https:\/\/www.permanenttsb.ie\/\" target=\"_blank\">https:\/\/www.permanenttsb.ie\/<\/a> &#8211; Permanent TSB Bank (Vrlo popularna banka u zadnje vrijeme koliko sam \u010duo)<\/p>\n<p><strong>Recruiteri \/ Zapo\u0161ljavanje:<\/strong><br \/>\n<a href=\"http:\/\/www.irishrecruiter.com\/\" title=\"http:\/\/www.irishrecruiter.com\/\" target=\"_blank\">http:\/\/www.irishrecruiter.com\/<\/a>                                                       &#8211; &#8220;Doma\u0107i&#8221; rekruter koji pri\u010da hrvatski \ud83d\ude42<br \/>\n<a href=\"http:\/\/makeitincork.com\/interview-tips\/\" title=\"http:\/\/makeitincork.com\/interview-tips\/\" target=\"_blank\">http:\/\/makeitincork.com\/interview-tips\/<\/a>                            &#8211; Za one koji \u017eele oku\u0161ati sre\u0107u u Corku<br \/>\n<a href=\"http:\/\/www.itshappeninghere.ie\/p\/page\/7\/your-home\" title=\"http:\/\/www.itshappeninghere.ie\/p\/page\/7\/your-home\" target=\"_blank\">http:\/\/www.itshappeninghere.ie\/p\/page\/7\/your-home<\/a>  &#8211; Generalno tra\u017eenje posla po Irskoj<\/p>\n<p><strong>Mainstream mediji:<\/strong><br \/>\n<a href=\"http:\/\/www.rte.ie\/\" title=\"http:\/\/www.rte.ie\/\" target=\"_blank\">http:\/\/www.rte.ie\/<\/a>                             &#8211; Dr\u017eavna TV &#8211; RTE<br \/>\n<a href=\"http:\/\/www.thesun.ie\/\" title=\"http:\/\/www.thesun.ie\/\" target=\"_blank\">http:\/\/www.thesun.ie\/<\/a>                     &#8211; The Sun<br \/>\n<a href=\"http:\/\/www.irishtimes.com\/\" title=\"http:\/\/www.irishtimes.com\/\" target=\"_blank\">http:\/\/www.irishtimes.com\/<\/a>           &#8211; Irski Times<br \/>\n<a href=\"http:\/\/www.irishexaminer.com\/\" title=\"http:\/\/www.irishexaminer.com\/\" target=\"_blank\">http:\/\/www.irishexaminer.com\/<\/a>    &#8211; Irski Examiner<br \/>\n<a href=\"http:\/\/www.independent.ie\/\" title=\"http:\/\/www.independent.ie\/\" target=\"_blank\">http:\/\/www.independent.ie\/<\/a>          &#8211; Independent<\/p>\n<p><strong>Zanimljivi Mediji:<\/strong><br \/>\n<a href=\"http:\/\/dublin.lecool.com\/dublin\/en\/today\" title=\"http:\/\/dublin.lecool.com\/dublin\/en\/today\" target=\"_blank\">http:\/\/dublin.lecool.com\/dublin\/en\/today<\/a>     &#8211; Cool site s cool stvarima i doga\u0111ajima u Dublinu<br \/>\n<a href=\"http:\/\/www.broadsheet.ie\/\" title=\"http:\/\/www.broadsheet.ie\/\" target=\"_blank\">http:\/\/www.broadsheet.ie\/<\/a>                               &#8211; Blog kojeg odr\u017eavaju profi novinari i novinari amateri<br \/>\n<a href=\"http:\/\/www.metroherald.ie\/\" title=\"http:\/\/www.metroherald.ie\/\" target=\"_blank\">http:\/\/www.metroherald.ie\/<\/a>                             &#8211; Dnevne d\u017eaba novine koje prave sme\u0107e po tramvajima \ud83d\ude42<br \/>\n<a href=\"http:\/\/www.listenlive.eu\/ireland.html\" title=\"http:\/\/www.listenlive.eu\/ireland.html\" target=\"_blank\">http:\/\/www.listenlive.eu\/ireland.html<\/a>            &#8211; Masa streamova irskih radio stanica<br \/>\n<a href=\"http:\/\/www.dublineventguide.com\/\" title=\"Dublin Event Guide\" target=\"_blank\">http:\/\/www.dublineventguide.com\/<\/a> &#8211; Besplatna stranica sa gotovo svim doga\u0111ajima u gradu Dublinu<\/p>\n<p><strong>Dru\u017eenja:<\/strong><br \/>\n<a href=\"http:\/\/pubstandards.ie\/\" title=\"http:\/\/pubstandards.ie\/\" target=\"_blank\">http:\/\/pubstandards.ie\/<\/a>      &#8211; Ne\u0161to za informati\u010dare<br \/>\n<a href=\"http:\/\/www.meetup.com\/dubliners\/\" title=\"http:\/\/www.meetup.com\/dubliners\/\" target=\"_blank\">http:\/\/www.meetup.com\/dubliners\/<\/a>    &#8211; Ovdje se skupljaju dru\u017eeljubivi dublineri<br \/>\n<a href=\"http:\/\/www.meetup.com\/PHOTO-WALK\/\" title=\"http:\/\/www.meetup.com\/PHOTO-WALK\/\" target=\"_blank\">http:\/\/www.meetup.com\/PHOTO-WALK\/<\/a>     &#8211; Ovdje se skupljaju lokalni fotografi<br \/>\n<a href=\"http:\/\/www.meetup.com\/DUBLIN-FREE-HIKINGGROUP\/\" title=\"http:\/\/www.meetup.com\/DUBLIN-FREE-HIKINGGROUP\/\" target=\"_blank\">http:\/\/www.meetup.com\/DUBLIN-FREE-HIKINGGROUP\/<\/a>    &#8211; Ovdje se skupljaju slobodni planinari<\/p>\n<p><strong>Blogovi:<\/strong><br \/>\n<a href=\"http:\/\/www.irishrecruiter.com\/blog-mini\/\" title=\"http:\/\/www.irishrecruiter.com\/blog-mini\/\" target=\"_blank\">http:\/\/www.irishrecruiter.com\/blog-mini\/<\/a>                        &#8211; Doma\u0107i rekruter voli i pisati i ima puno korisnih informacija (ko i ja :)) )<br \/>\n<a href=\"http:\/\/info.itshappeninghere.ie\/living-in-ireland\/\" title=\"http:\/\/info.itshappeninghere.ie\/living-in-ireland\/\" target=\"_blank\">http:\/\/info.itshappeninghere.ie\/living-in-ireland\/<\/a>           &#8211; Informacije o \u017eivotu u Irskoj<br \/>\n<a href=\"http:\/\/zivot-u-dublinu.com\/\" title=\"http:\/\/zivot-u-dublinu.com\/\" target=\"_blank\">http:\/\/zivot-u-dublinu.com\/<\/a>                                                &#8211; Jo\u0161 jedan ekstra doma\u0107i blog (hrvatski jezik only)<br \/>\n<a href=\"http:\/\/gracedavis.wordpress.com\/tag\/dublin-zones\/\" title=\"http:\/\/gracedavis.wordpress.com\/tag\/dublin-zones\/\" target=\"_blank\">http:\/\/gracedavis.wordpress.com\/tag\/dublin-zones\/<\/a>     &#8211; Neki slu\u010dajni blog sa dobrim informacijama o Dublinu <\/p>\n<p><strong>Ostatak Irske:<\/strong><br \/>\n<a href=\"http:\/\/www.peoplesrepublicofcork.com\/\" title=\"http:\/\/www.peoplesrepublicofcork.com\/\" target=\"_blank\">http:\/\/www.peoplesrepublicofcork.com\/<\/a>                         &#8211; Na\u0161i dobri susjedi iz Corka vole sebe nazivati republikom \ud83d\ude42<\/p>\n<p><strong>Polovni automobili: <\/strong><br \/>\n<a href=\"http:\/\/carsireland.ie\/\" title=\"http:\/\/carsireland.ie\/\" target=\"_blank\">http:\/\/carsireland.ie\/<\/a><br \/>\n<a href=\"http:\/\/carsireland.ie\/\" title=\"http:\/\/carsireland.ie\/\" target=\"_blank\">http:\/\/www.carzone.ie\/<\/a><\/p>\n<p> \t<\/p>","protected":false},"excerpt":{"rendered":"<p>Stranicu sa zanimljivim linkovima izdvojio sam iz bloga, tako da je mogu uredno izmjenjivati, a i da bude lak\u0161e dostupna. Ovo su neki linkovi koji poma\u017eu \u017eivot u stranoj zemlji i koji su meni zanimljivi. Ujedno, mogu biti dobra po\u010detna to\u010dka prilikom istra\u017eivanja Irske i \u017eivota u Dublinu. \ud83d\ude42 Razne ozbiljne stranice: http:\/\/www.citizensinformation.ie\/en\/ &#8211; Formalno&#8230;<\/p>\n","protected":false},"author":1,"featured_media":425,"parent":0,"menu_order":0,"comment_status":"closed","ping_status":"open","template":"sidepage.php","meta":{"jetpack_post_was_ever_published":false,"footnotes":""},"class_list":["post-419","page","type-page","status-publish","has-post-thumbnail","hentry"],"yoast_head":"<!-- This site is optimized with the Yoast SEO plugin v25.1 - https:\/\/yoast.com\/wordpress\/plugins\/seo\/ -->\n<title>Interesantni irski linkoviInteresting Irish links - Igor<\/title>\n<meta name=\"robots\" content=\"index, follow, max-snippet:-1, max-image-preview:large, max-video-preview:-1\" \/>\n<link rel=\"canonical\" href=\"https:\/\/igor.stojakovic.net\/en\/interesting-irish-links\/\" \/>\n<meta property=\"og:locale\" content=\"hr_HR\" \/>\n<meta property=\"og:type\" content=\"article\" \/>\n<meta property=\"og:title\" content=\"Interesantni irski linkoviInteresting Irish links - Igor\" \/>\n<meta property=\"og:description\" content=\"Stranicu sa zanimljivim linkovima izdvojio sam iz bloga, tako da je mogu uredno izmjenjivati, a i da bude lak\u0161e dostupna. Ovo su neki linkovi koji poma\u017eu \u017eivot u stranoj zemlji i koji su meni zanimljivi. Ujedno, mogu biti dobra po\u010detna to\u010dka prilikom istra\u017eivanja Irske i \u017eivota u Dublinu. \ud83d\ude42 Razne ozbiljne stranice: http:\/\/www.citizensinformation.ie\/en\/ &#8211; Formalno...\" \/>\n<meta property=\"og:url\" content=\"https:\/\/igor.stojakovic.net\/en\/interesting-irish-links\/\" \/>\n<meta property=\"og:site_name\" content=\"Igor\" \/>\n<meta property=\"article:modified_time\" content=\"2014-09-14T08:33:51+00:00\" \/>\n<meta property=\"og:image\" content=\"https:\/\/igor.stojakovic.net\/wp-content\/uploads\/2014\/02\/Linkovi-1024x545.jpg\" \/>\n\t<meta property=\"og:image:width\" content=\"1024\" \/>\n\t<meta property=\"og:image:height\" content=\"545\" \/>\n\t<meta property=\"og:image:type\" content=\"image\/jpeg\" \/>\n<meta name=\"twitter:label1\" content=\"Est. reading time\" \/>\n\t<meta name=\"twitter:data1\" content=\"6 minutes\" \/>\n<script type=\"application\/ld+json\" class=\"yoast-schema-graph\">{\"@context\":\"https:\/\/schema.org\",\"@graph\":[{\"@type\":\"WebPage\",\"@id\":\"https:\/\/igor.stojakovic.net\/en\/interesting-irish-links\/\",\"url\":\"https:\/\/igor.stojakovic.net\/en\/interesting-irish-links\/\",\"name\":\"Interesantni irski linkoviInteresting Irish links - Igor\",\"isPartOf\":{\"@id\":\"https:\/\/igor.stojakovic.net\/en\/#website\"},\"primaryImageOfPage\":{\"@id\":\"https:\/\/igor.stojakovic.net\/en\/interesting-irish-links\/#primaryimage\"},\"image\":{\"@id\":\"https:\/\/igor.stojakovic.net\/en\/interesting-irish-links\/#primaryimage\"},\"thumbnailUrl\":\"https:\/\/igor.stojakovic.net\/wp-content\/uploads\/2014\/02\/Linkovi.jpg\",\"datePublished\":\"2014-02-23T19:07:36+00:00\",\"dateModified\":\"2014-09-14T08:33:51+00:00\",\"breadcrumb\":{\"@id\":\"https:\/\/igor.stojakovic.net\/en\/interesting-irish-links\/#breadcrumb\"},\"inLanguage\":\"hr-HR\",\"potentialAction\":[{\"@type\":\"ReadAction\",\"target\":[\"https:\/\/igor.stojakovic.net\/en\/interesting-irish-links\/\"]}]},{\"@type\":\"ImageObject\",\"inLanguage\":\"hr-HR\",\"@id\":\"https:\/\/igor.stojakovic.net\/en\/interesting-irish-links\/#primaryimage\",\"url\":\"https:\/\/igor.stojakovic.net\/wp-content\/uploads\/2014\/02\/Linkovi.jpg\",\"contentUrl\":\"https:\/\/igor.stojakovic.net\/wp-content\/uploads\/2014\/02\/Linkovi.jpg\",\"width\":2727,\"height\":1452},{\"@type\":\"BreadcrumbList\",\"@id\":\"https:\/\/igor.stojakovic.net\/en\/interesting-irish-links\/#breadcrumb\",\"itemListElement\":[{\"@type\":\"ListItem\",\"position\":1,\"name\":\"Home\",\"item\":\"https:\/\/igor.stojakovic.net\/en\/\"},{\"@type\":\"ListItem\",\"position\":2,\"name\":\"Interesting Irish links\"}]},{\"@type\":\"WebSite\",\"@id\":\"https:\/\/igor.stojakovic.net\/en\/#website\",\"url\":\"https:\/\/igor.stojakovic.net\/en\/\",\"name\":\"Igor\",\"description\":\"Life in Ireland, traveling, books, food, drinks, photography and fun :)\",\"potentialAction\":[{\"@type\":\"SearchAction\",\"target\":{\"@type\":\"EntryPoint\",\"urlTemplate\":\"https:\/\/igor.stojakovic.net\/en\/?s={search_term_string}\"},\"query-input\":{\"@type\":\"PropertyValueSpecification\",\"valueRequired\":true,\"valueName\":\"search_term_string\"}}],\"inLanguage\":\"hr-HR\"}]}<\/script>\n<!-- \/ Yoast SEO plugin. -->","yoast_head_json":{"title":"Interesantni irski linkoviInteresting Irish links - Igor","robots":{"index":"index","follow":"follow","max-snippet":"max-snippet:-1","max-image-preview":"max-image-preview:large","max-video-preview":"max-video-preview:-1"},"canonical":"https:\/\/igor.stojakovic.net\/en\/interesting-irish-links\/","og_locale":"hr_HR","og_type":"article","og_title":"Interesantni irski linkoviInteresting Irish links - Igor","og_description":"Stranicu sa zanimljivim linkovima izdvojio sam iz bloga, tako da je mogu uredno izmjenjivati, a i da bude lak\u0161e dostupna. Ovo su neki linkovi koji poma\u017eu \u017eivot u stranoj zemlji i koji su meni zanimljivi. Ujedno, mogu biti dobra po\u010detna to\u010dka prilikom istra\u017eivanja Irske i \u017eivota u Dublinu. \ud83d\ude42 Razne ozbiljne stranice: http:\/\/www.citizensinformation.ie\/en\/ &#8211; Formalno...","og_url":"https:\/\/igor.stojakovic.net\/en\/interesting-irish-links\/","og_site_name":"Igor","article_modified_time":"2014-09-14T08:33:51+00:00","og_image":[{"width":1024,"height":545,"url":"https:\/\/igor.stojakovic.net\/wp-content\/uploads\/2014\/02\/Linkovi-1024x545.jpg","type":"image\/jpeg"}],"twitter_misc":{"Est. reading time":"6 minutes"},"schema":{"@context":"https:\/\/schema.org","@graph":[{"@type":"WebPage","@id":"https:\/\/igor.stojakovic.net\/en\/interesting-irish-links\/","url":"https:\/\/igor.stojakovic.net\/en\/interesting-irish-links\/","name":"Interesantni irski linkoviInteresting Irish links - Igor","isPartOf":{"@id":"https:\/\/igor.stojakovic.net\/en\/#website"},"primaryImageOfPage":{"@id":"https:\/\/igor.stojakovic.net\/en\/interesting-irish-links\/#primaryimage"},"image":{"@id":"https:\/\/igor.stojakovic.net\/en\/interesting-irish-links\/#primaryimage"},"thumbnailUrl":"https:\/\/igor.stojakovic.net\/wp-content\/uploads\/2014\/02\/Linkovi.jpg","datePublished":"2014-02-23T19:07:36+00:00","dateModified":"2014-09-14T08:33:51+00:00","breadcrumb":{"@id":"https:\/\/igor.stojakovic.net\/en\/interesting-irish-links\/#breadcrumb"},"inLanguage":"hr-HR","potentialAction":[{"@type":"ReadAction","target":["https:\/\/igor.stojakovic.net\/en\/interesting-irish-links\/"]}]},{"@type":"ImageObject","inLanguage":"hr-HR","@id":"https:\/\/igor.stojakovic.net\/en\/interesting-irish-links\/#primaryimage","url":"https:\/\/igor.stojakovic.net\/wp-content\/uploads\/2014\/02\/Linkovi.jpg","contentUrl":"https:\/\/igor.stojakovic.net\/wp-content\/uploads\/2014\/02\/Linkovi.jpg","width":2727,"height":1452},{"@type":"BreadcrumbList","@id":"https:\/\/igor.stojakovic.net\/en\/interesting-irish-links\/#breadcrumb","itemListElement":[{"@type":"ListItem","position":1,"name":"Home","item":"https:\/\/igor.stojakovic.net\/en\/"},{"@type":"ListItem","position":2,"name":"Interesting Irish links"}]},{"@type":"WebSite","@id":"https:\/\/igor.stojakovic.net\/en\/#website","url":"https:\/\/igor.stojakovic.net\/en\/","name":"Igor","description":"Life in Ireland, traveling, books, food, drinks, photography and fun :)","potentialAction":[{"@type":"SearchAction","target":{"@type":"EntryPoint","urlTemplate":"https:\/\/igor.stojakovic.net\/en\/?s={search_term_string}"},"query-input":{"@type":"PropertyValueSpecification","valueRequired":true,"valueName":"search_term_string"}}],"inLanguage":"hr-HR"}]}},"jetpack_shortlink":"https:\/\/wp.me\/P5MH6F-6L","jetpack_sharing_enabled":true,"_links":{"self":[{"href":"https:\/\/igor.stojakovic.net\/hr\/wp-json\/wp\/v2\/pages\/419","targetHints":{"allow":["GET"]}}],"collection":[{"href":"https:\/\/igor.stojakovic.net\/hr\/wp-json\/wp\/v2\/pages"}],"about":[{"href":"https:\/\/igor.stojakovic.net\/hr\/wp-json\/wp\/v2\/types\/page"}],"author":[{"embeddable":true,"href":"https:\/\/igor.stojakovic.net\/hr\/wp-json\/wp\/v2\/users\/1"}],"replies":[{"embeddable":true,"href":"https:\/\/igor.stojakovic.net\/hr\/wp-json\/wp\/v2\/comments?post=419"}],"version-history":[{"count":7,"href":"https:\/\/igor.stojakovic.net\/hr\/wp-json\/wp\/v2\/pages\/419\/revisions"}],"predecessor-version":[{"id":827,"href":"https:\/\/igor.stojakovic.net\/hr\/wp-json\/wp\/v2\/pages\/419\/revisions\/827"}],"wp:featuredmedia":[{"embeddable":true,"href":"https:\/\/igor.stojakovic.net\/hr\/wp-json\/wp\/v2\/media\/425"}],"wp:attachment":[{"href":"https:\/\/igor.stojakovic.net\/hr\/wp-json\/wp\/v2\/media?parent=419"}],"curies":[{"name":"wp","href":"https:\/\/api.w.org\/{rel}","templated":true}]}}