{"id":84,"date":"2013-10-14T14:57:16","date_gmt":"2013-10-14T14:57:16","guid":{"rendered":"http:\/\/igor.stojakovic.net\/?page_id=84"},"modified":"2018-05-24T21:02:01","modified_gmt":"2018-05-24T21:02:01","slug":"about","status":"publish","type":"page","link":"https:\/\/igor.stojakovic.net\/hr\/o-ovom-blogu\/","title":{"rendered":"&#8230; ovom blogu"},"content":{"rendered":"<p>Na ovim stranicama mo\u017eete prona\u0107i neka moja stara pisanja, neka nova pisanja i novosti o \u017eivotu u Irskoj. Osim doga\u0111aja iz Irske mo\u0107i \u0107e se ovdje prona\u0107i i pokoji zanimljiv recept nekog od mojih kulinarskih eksperimenata, mo\u017eda poneka informacija o pivu, a vjerojatno bi se moglo na\u0107i i ne\u0161to iz IT svijeta. Sve \u0161to spada u &#8220;lifestyle&#8221;. \ud83d\ude42 <\/p>\n<p>Kako nas troje (Dina, Liam i ja) \u017eivimo u Dublinu, Irskoj pi\u0161em sve tekstove dvojezi\u010dno. Kad je ve\u0107 prilika da izo\u0161trim pero na engleskom jeziku, za\u0161to ne. \ud83d\ude42 <\/p>\n<p>E da, samo da se ogradim &#8211; ovo je moj kutak, s mojim pri\u010dama. Nisu sve skroz istinite \ud83d\ude42 Neke su putopisne, al mo\u017eda se okura\u017eim i napi\u0161em i kojekakve &#8220;adaptacije&#8221; koje nu\u017eno ne odgovaraju stvarnoj situaciji, stvarnim likovima i stvarnim doga\u0111ajima. Prije svega, sve je namjenjeno zabavi, ako se neko na\u0111e uvrije\u0111enim, nek se javi i \u010dita ponovo \ud83d\ude42<\/p>\n<p>Da, zadr\u017eavam prava na sve slike i pri\u010de (osim ako druga\u010dije nije navedeno), a vi ih slobodno podijelite sa svijetom i spomenite da su moje. \ud83d\ude42<\/p>\n<p><strong>Privatnost podataka:<\/strong><\/p>\n<p>Iako se GDPR uglavnom ti\u010de organizacija koje zara\u0111uju novce, kao osoba iz IT svijeta uvijek sam preferirao one koji po\u0161tuju pravila, a tako i sam postupam.<\/p>\n<p>Na ovom blogu mo\u017eete se pretplatiti na newsletter. Pretplatom na newsletter pristajete na to da spremim podatke koje ste mi ustupili kako bi vas mogao povremeno kontaktirati i informirati o novostima. Podaci koje spremam su: ime, prezime, e-mail adresa, vrijeme pretplate i potvrda pretplate.<\/p>\n<p>Za slu\u010daj da niste potvrdili pretplatu, va\u0161i se podaci bri\u0161u kroz mjesec dana. Nikad ne\u0107u kontaktirati one koji nisu potvrdili pretplatu na newsletter. U svakom newsletteru se nalazi link na kojem mo\u017eete u bilo koje doba otkazati pretplatu. Va\u0161i se podaci nikad ne\u0107e dijeliti sa drugima. <\/p>\n<p>Za slu\u010daj da \u017eelite svoje podatke obrisati &#8211; jednostavno se odjavite sa newslettera i to je to. <\/p>\n<p>Ovaj site koristi google\/wordpress kola\u010di\u0107e kako bi mogao vidjeti statistiku posjeta sitea.<\/p>","protected":false},"excerpt":{"rendered":"<p>Na ovim stranicama mo\u017eete prona\u0107i neka moja stara pisanja, neka nova pisanja i novosti o \u017eivotu u Irskoj. Osim doga\u0111aja iz Irske mo\u0107i \u0107e se ovdje prona\u0107i i pokoji zanimljiv recept nekog od mojih kulinarskih eksperimenata, mo\u017eda poneka informacija o pivu, a vjerojatno bi se moglo na\u0107i i ne\u0161to iz IT svijeta. Sve \u0161to spada&#8230;<\/p>\n","protected":false},"author":1,"featured_media":121,"parent":0,"menu_order":0,"comment_status":"closed","ping_status":"open","template":"sidepage.php","meta":{"jetpack_post_was_ever_published":false,"footnotes":""},"class_list":["post-84","page","type-page","status-publish","has-post-thumbnail","hentry"],"yoast_head":"<!-- This site is optimized with the Yoast SEO plugin v25.1 - https:\/\/yoast.com\/wordpress\/plugins\/seo\/ -->\n<title>... ovom blogu - Igor<\/title>\n<meta name=\"robots\" content=\"index, follow, max-snippet:-1, max-image-preview:large, max-video-preview:-1\" \/>\n<link rel=\"canonical\" href=\"https:\/\/igor.stojakovic.net\/en\/about-this-blog\/\" \/>\n<meta property=\"og:locale\" content=\"hr_HR\" \/>\n<meta property=\"og:type\" content=\"article\" \/>\n<meta property=\"og:title\" content=\"[:hr]... ovom blogu[:en]... this blog[:] - Igor\" \/>\n<meta property=\"og:description\" content=\"Na ovim stranicama mo\u017eete prona\u0107i neka moja stara pisanja, neka nova pisanja i novosti o \u017eivotu u Irskoj. Osim doga\u0111aja iz Irske mo\u0107i \u0107e se ovdje prona\u0107i i pokoji zanimljiv recept nekog od mojih kulinarskih eksperimenata, mo\u017eda poneka informacija o pivu, a vjerojatno bi se moglo na\u0107i i ne\u0161to iz IT svijeta. Sve \u0161to spada...\" \/>\n<meta property=\"og:url\" content=\"https:\/\/igor.stojakovic.net\/en\/about-this-blog\/\" \/>\n<meta property=\"og:site_name\" content=\"Igor\" \/>\n<meta property=\"article:modified_time\" content=\"2018-05-24T21:02:01+00:00\" \/>\n<meta property=\"og:image\" content=\"https:\/\/igor.stojakovic.net\/wp-content\/uploads\/2013\/10\/Zbevnica.jpg\" \/>\n\t<meta property=\"og:image:width\" content=\"2000\" \/>\n\t<meta property=\"og:image:height\" content=\"1183\" \/>\n\t<meta property=\"og:image:type\" content=\"image\/jpeg\" \/>\n<meta name=\"twitter:label1\" content=\"Est. reading time\" \/>\n\t<meta name=\"twitter:data1\" content=\"4 minutes\" \/>\n<script type=\"application\/ld+json\" class=\"yoast-schema-graph\">{\"@context\":\"https:\/\/schema.org\",\"@graph\":[{\"@type\":\"WebPage\",\"@id\":\"https:\/\/igor.stojakovic.net\/en\/about-this-blog\/\",\"url\":\"https:\/\/igor.stojakovic.net\/en\/about-this-blog\/\",\"name\":\"[:hr]... ovom blogu[:en]... this blog[:] - Igor\",\"isPartOf\":{\"@id\":\"https:\/\/igor.stojakovic.net\/en\/#website\"},\"primaryImageOfPage\":{\"@id\":\"https:\/\/igor.stojakovic.net\/en\/about-this-blog\/#primaryimage\"},\"image\":{\"@id\":\"https:\/\/igor.stojakovic.net\/en\/about-this-blog\/#primaryimage\"},\"thumbnailUrl\":\"https:\/\/igor.stojakovic.net\/wp-content\/uploads\/2013\/10\/Zbevnica.jpg\",\"datePublished\":\"2013-10-14T14:57:16+00:00\",\"dateModified\":\"2018-05-24T21:02:01+00:00\",\"breadcrumb\":{\"@id\":\"https:\/\/igor.stojakovic.net\/en\/about-this-blog\/#breadcrumb\"},\"inLanguage\":\"hr-HR\",\"potentialAction\":[{\"@type\":\"ReadAction\",\"target\":[\"https:\/\/igor.stojakovic.net\/en\/about-this-blog\/\"]}]},{\"@type\":\"ImageObject\",\"inLanguage\":\"hr-HR\",\"@id\":\"https:\/\/igor.stojakovic.net\/en\/about-this-blog\/#primaryimage\",\"url\":\"https:\/\/igor.stojakovic.net\/wp-content\/uploads\/2013\/10\/Zbevnica.jpg\",\"contentUrl\":\"https:\/\/igor.stojakovic.net\/wp-content\/uploads\/2013\/10\/Zbevnica.jpg\",\"width\":2000,\"height\":1183},{\"@type\":\"BreadcrumbList\",\"@id\":\"https:\/\/igor.stojakovic.net\/en\/about-this-blog\/#breadcrumb\",\"itemListElement\":[{\"@type\":\"ListItem\",\"position\":1,\"name\":\"Home\",\"item\":\"https:\/\/igor.stojakovic.net\/en\/\"},{\"@type\":\"ListItem\",\"position\":2,\"name\":\"&#8230; this blog\"}]},{\"@type\":\"WebSite\",\"@id\":\"https:\/\/igor.stojakovic.net\/en\/#website\",\"url\":\"https:\/\/igor.stojakovic.net\/en\/\",\"name\":\"Igor\",\"description\":\"Life in Ireland, traveling, books, food, drinks, photography and fun :)\",\"potentialAction\":[{\"@type\":\"SearchAction\",\"target\":{\"@type\":\"EntryPoint\",\"urlTemplate\":\"https:\/\/igor.stojakovic.net\/en\/?s={search_term_string}\"},\"query-input\":{\"@type\":\"PropertyValueSpecification\",\"valueRequired\":true,\"valueName\":\"search_term_string\"}}],\"inLanguage\":\"hr-HR\"}]}<\/script>\n<!-- \/ Yoast SEO plugin. -->","yoast_head_json":{"title":"... ovom blogu - Igor","robots":{"index":"index","follow":"follow","max-snippet":"max-snippet:-1","max-image-preview":"max-image-preview:large","max-video-preview":"max-video-preview:-1"},"canonical":"https:\/\/igor.stojakovic.net\/en\/about-this-blog\/","og_locale":"hr_HR","og_type":"article","og_title":"[:hr]... ovom blogu[:en]... this blog[:] - Igor","og_description":"Na ovim stranicama mo\u017eete prona\u0107i neka moja stara pisanja, neka nova pisanja i novosti o \u017eivotu u Irskoj. Osim doga\u0111aja iz Irske mo\u0107i \u0107e se ovdje prona\u0107i i pokoji zanimljiv recept nekog od mojih kulinarskih eksperimenata, mo\u017eda poneka informacija o pivu, a vjerojatno bi se moglo na\u0107i i ne\u0161to iz IT svijeta. Sve \u0161to spada...","og_url":"https:\/\/igor.stojakovic.net\/en\/about-this-blog\/","og_site_name":"Igor","article_modified_time":"2018-05-24T21:02:01+00:00","og_image":[{"width":2000,"height":1183,"url":"https:\/\/igor.stojakovic.net\/wp-content\/uploads\/2013\/10\/Zbevnica.jpg","type":"image\/jpeg"}],"twitter_misc":{"Est. reading time":"4 minutes"},"schema":{"@context":"https:\/\/schema.org","@graph":[{"@type":"WebPage","@id":"https:\/\/igor.stojakovic.net\/en\/about-this-blog\/","url":"https:\/\/igor.stojakovic.net\/en\/about-this-blog\/","name":"[:hr]... ovom blogu[:en]... this blog[:] - Igor","isPartOf":{"@id":"https:\/\/igor.stojakovic.net\/en\/#website"},"primaryImageOfPage":{"@id":"https:\/\/igor.stojakovic.net\/en\/about-this-blog\/#primaryimage"},"image":{"@id":"https:\/\/igor.stojakovic.net\/en\/about-this-blog\/#primaryimage"},"thumbnailUrl":"https:\/\/igor.stojakovic.net\/wp-content\/uploads\/2013\/10\/Zbevnica.jpg","datePublished":"2013-10-14T14:57:16+00:00","dateModified":"2018-05-24T21:02:01+00:00","breadcrumb":{"@id":"https:\/\/igor.stojakovic.net\/en\/about-this-blog\/#breadcrumb"},"inLanguage":"hr-HR","potentialAction":[{"@type":"ReadAction","target":["https:\/\/igor.stojakovic.net\/en\/about-this-blog\/"]}]},{"@type":"ImageObject","inLanguage":"hr-HR","@id":"https:\/\/igor.stojakovic.net\/en\/about-this-blog\/#primaryimage","url":"https:\/\/igor.stojakovic.net\/wp-content\/uploads\/2013\/10\/Zbevnica.jpg","contentUrl":"https:\/\/igor.stojakovic.net\/wp-content\/uploads\/2013\/10\/Zbevnica.jpg","width":2000,"height":1183},{"@type":"BreadcrumbList","@id":"https:\/\/igor.stojakovic.net\/en\/about-this-blog\/#breadcrumb","itemListElement":[{"@type":"ListItem","position":1,"name":"Home","item":"https:\/\/igor.stojakovic.net\/en\/"},{"@type":"ListItem","position":2,"name":"&#8230; this blog"}]},{"@type":"WebSite","@id":"https:\/\/igor.stojakovic.net\/en\/#website","url":"https:\/\/igor.stojakovic.net\/en\/","name":"Igor","description":"Life in Ireland, traveling, books, food, drinks, photography and fun :)","potentialAction":[{"@type":"SearchAction","target":{"@type":"EntryPoint","urlTemplate":"https:\/\/igor.stojakovic.net\/en\/?s={search_term_string}"},"query-input":{"@type":"PropertyValueSpecification","valueRequired":true,"valueName":"search_term_string"}}],"inLanguage":"hr-HR"}]}},"jetpack_shortlink":"https:\/\/wp.me\/P5MH6F-1m","jetpack_sharing_enabled":true,"_links":{"self":[{"href":"https:\/\/igor.stojakovic.net\/hr\/wp-json\/wp\/v2\/pages\/84","targetHints":{"allow":["GET"]}}],"collection":[{"href":"https:\/\/igor.stojakovic.net\/hr\/wp-json\/wp\/v2\/pages"}],"about":[{"href":"https:\/\/igor.stojakovic.net\/hr\/wp-json\/wp\/v2\/types\/page"}],"author":[{"embeddable":true,"href":"https:\/\/igor.stojakovic.net\/hr\/wp-json\/wp\/v2\/users\/1"}],"replies":[{"embeddable":true,"href":"https:\/\/igor.stojakovic.net\/hr\/wp-json\/wp\/v2\/comments?post=84"}],"version-history":[{"count":11,"href":"https:\/\/igor.stojakovic.net\/hr\/wp-json\/wp\/v2\/pages\/84\/revisions"}],"predecessor-version":[{"id":2671,"href":"https:\/\/igor.stojakovic.net\/hr\/wp-json\/wp\/v2\/pages\/84\/revisions\/2671"}],"wp:featuredmedia":[{"embeddable":true,"href":"https:\/\/igor.stojakovic.net\/hr\/wp-json\/wp\/v2\/media\/121"}],"wp:attachment":[{"href":"https:\/\/igor.stojakovic.net\/hr\/wp-json\/wp\/v2\/media?parent=84"}],"curies":[{"name":"wp","href":"https:\/\/api.w.org\/{rel}","templated":true}]}}