{"id":86,"date":"2013-10-14T15:18:39","date_gmt":"2013-10-14T15:18:39","guid":{"rendered":"http:\/\/igor.stojakovic.net\/en\/?page_id=86"},"modified":"2013-10-21T17:14:08","modified_gmt":"2013-10-21T17:14:08","slug":"reports-2003-2007","status":"publish","type":"page","link":"https:\/\/igor.stojakovic.net\/hr\/reporti\/","title":{"rendered":"Reporti (2003-2007)"},"content":{"rendered":"<p>Neko\u0107 davno, dok sam bio i ne\u0161to mla\u0111i i sa malo vi\u0161e kose na glavi, pisao sam &#8220;reporte&#8221; za meni drage ljude i ekipu. S vremenom su ti reporti prerasli u tekstom i slikom bogate materijale i opise nekih pute\u0161estvija po Evropi, koje je na mailing listi \u010ditalo preko 80 ljudi. Na ovoj se stranici nalazi arhiva reporta pisanih u razdoblju od 2003. do 2007. godine, preba\u010dena iz e-mail formata u PDF. <\/p>\n<p>Svi reporti su pisani isklju\u010divo &#8220;doma\u0107im&#8221; jezikom, vjerojatno su prepuni gramati\u010dkih gre\u0161aka, ali sve u svrhu boljeg preno\u0161enja atmosfere i do\u017eivljaja s putovanja. <\/p>\n<p><strong>2003<\/strong><br \/>\n<a href=\"http:\/\/stojakovic.net\/reports\/2003\/Apsolventsko%20-%20Rasinja%20-%20Zagreb%20-%202003.pdf\" title=\"Apsolventsko putovanje\" target=\"_blank\">Apsolventsko putovanje<\/a><\/p>\n<p><a href=\"http:\/\/stojakovic.net\/reports\/2003\/Graz%2004-2003%20-%20Prvi%20dio.pdf\" title=\"Graz - 04 - 2003 (Part I)\" target=\"_blank\">Graz &#8211; 04 &#8211; 2003 (Part I)<\/a><br \/>\n<a href=\"http:\/\/stojakovic.net\/reports\/2003\/Graz%2004-2003%20-%20Drugi%20dio.pdf\" title=\"Graz - 04 - 2003 (Part II)\" target=\"_blank\">Graz &#8211; 04 &#8211; 2003 (Part II)<\/a><\/p>\n<p><a href=\"http:\/\/stojakovic.net\/reports\/2003\/Prvi%20Maj%202003%20-%20VZ%20i%20Trakoscan.pdf\" title=\"Prvi Maj - Trako\u0161\u010dan 2003\" target=\"_blank\"><br \/>\nPrvi Maj &#8211; Trako\u0161\u010dan 2003<\/a><br \/>\n<a href=\"http:\/\/stojakovic.net\/reports\/2003\/Brijuni%20-%20Brijoni%20-%20Dan%20Nezavisnosti%2008%20-%2010%20-%202003.pdf\" title=\"Brijuni - Dan nezavisnosti 2003\" target=\"_blank\">Brijuni &#8211; Dan nezavisnosti 2003<\/a><\/p>\n<p><strong>2004<\/strong><br \/>\n<a href=\"http:\/\/stojakovic.net\/reports\/2004\/Istra%20-%20Hum%20-%2009-2004.pdf\" title=\"Hum 2004\" target=\"_blank\">Hum 2004<\/a><\/p>\n<p><a href=\"http:\/\/stojakovic.net\/reports\/2004\/Gmail%20-%20Balky%27s%20First%20Bussines%20report%20-%20Split%2012%202004%20-%20Happy...pdf\" title=\"Split Biznis report 2004\" target=\"_blank\">Split Biznis report 2004<\/a><\/p>\n<p><a href=\"http:\/\/stojakovic.net\/reports\/2004\/Slovenijia%201-3%20-%20Laganini%20dan%20domovinske%20zahvalnosti.pdf\" title=\"Slovenija - Dan nezavisnosti 2004 - Dio I\" target=\"_blank\">Slovenija &#8211; Dan nezavisnosti 2004 &#8211; Dio I<\/a><br \/>\n<a href=\"http:\/\/stojakovic.net\/reports\/2004\/Slovenijia%202-3%20-%20Laganini%20dan%20domovinske%20zahvalnosti%28nezavisnosti%29.pdf\" title=\"Slovenija - Dan nezavisnosti 2004 - Dio II\" target=\"_blank\">Slovenija &#8211; Dan nezavisnosti 2004 &#8211; Dio II<\/a><br \/>\n<a href=\"http:\/\/stojakovic.net\/reports\/2004\/Slovenijia%203-3%20-%20Laganini%20dan%20domovinske%20zahvalnosti%28nezavisnosti%29.pdf\" title=\"Slovenija - Dan nezavisnosti 2004 - Dio III\" target=\"_blank\">Slovenija &#8211; Dan nezavisnosti 2004 &#8211; Dio III<\/a><\/p>\n<p><strong>2005<\/strong><br \/>\n<a href=\"http:\/\/stojakovic.net\/reports\/2005\/Amsterdam%20Part%20I.pdf\" title=\"Amsterdam i Nizozemska 2005 - Dio I\" target=\"_blank\">Amsterdam 2005 &#8211; Dio I<\/a><br \/>\n<a href=\"http:\/\/stojakovic.net\/reports\/2005\/Amsterdam%20i%20NL%20Part%20II.pdf\" title=\"Amsterdam i Nizozemska - Dio II\" target=\"_blank\">Amsterdam i Nizozemska &#8211; Dio II <\/a><\/p>\n<p><a href=\"http:\/\/stojakovic.net\/reports\/2005\/Budimpesta.pdf\" title=\"Budimpe\u0161ta - 2005\" target=\"_blank\">Budimpe\u0161ta &#8211; 2005<\/a><\/p>\n<p><a href=\"http:\/\/stojakovic.net\/reports\/2005\/Dojchland%20112005.pdf\" title=\"Dojchland - 2005\" target=\"_blank\">Dojchland &#8211; 2005<\/a><\/p>\n<p><a href=\"http:\/\/stojakovic.net\/reports\/2005\/s%20kim%20aj%20posla%20imam%20swico%20draga%20-%20swiss%20precizni.pdf\" title=\"\u0160vica draga - 2005\" target=\"_blank\">\u0160vica draga &#8211; 2005<\/a><\/p>\n<p>U 2006. sam u\u0161ao sa pregr\u0161t pripremljenih materijala za pisanje, prebacio sam se u pravi PDF format, i osmislio &#8220;logo&#8221; koji se nalazio iznad svakog reporta. \ud83d\ude42<\/p>\n<p><a href=\"http:\/\/igor.stojakovic.net\/wp-content\/uploads\/2013\/10\/Screen-Shot-2013-10-21-at-4.49.34-PM.png\"><img loading=\"lazy\" decoding=\"async\" data-attachment-id=\"122\" data-permalink=\"https:\/\/igor.stojakovic.net\/hr\/reporti\/screen-shot-2013-10-21-at-4-49-34-pm\/\" data-orig-file=\"https:\/\/igor.stojakovic.net\/wp-content\/uploads\/2013\/10\/Screen-Shot-2013-10-21-at-4.49.34-PM.png\" data-orig-size=\"571,96\" data-comments-opened=\"0\" data-image-meta=\"{&quot;aperture&quot;:&quot;0&quot;,&quot;credit&quot;:&quot;&quot;,&quot;camera&quot;:&quot;&quot;,&quot;caption&quot;:&quot;&quot;,&quot;created_timestamp&quot;:&quot;0&quot;,&quot;copyright&quot;:&quot;&quot;,&quot;focal_length&quot;:&quot;0&quot;,&quot;iso&quot;:&quot;0&quot;,&quot;shutter_speed&quot;:&quot;0&quot;,&quot;title&quot;:&quot;&quot;}\" data-image-title=\"Logo Balkyevih Reporta :))\" data-image-description=\"\" data-image-caption=\"\" data-medium-file=\"https:\/\/igor.stojakovic.net\/wp-content\/uploads\/2013\/10\/Screen-Shot-2013-10-21-at-4.49.34-PM-300x50.png\" data-large-file=\"https:\/\/igor.stojakovic.net\/wp-content\/uploads\/2013\/10\/Screen-Shot-2013-10-21-at-4.49.34-PM.png\" src=\"http:\/\/igor.stojakovic.net\/wp-content\/uploads\/2013\/10\/Screen-Shot-2013-10-21-at-4.49.34-PM.png\" alt=\"Logo Balkyevih Reporta :))\" width=\"571\" height=\"96\" class=\"alignnone size-full wp-image-122\" srcset=\"https:\/\/igor.stojakovic.net\/wp-content\/uploads\/2013\/10\/Screen-Shot-2013-10-21-at-4.49.34-PM.png 571w, https:\/\/igor.stojakovic.net\/wp-content\/uploads\/2013\/10\/Screen-Shot-2013-10-21-at-4.49.34-PM-300x50.png 300w\" sizes=\"auto, (max-width: 571px) 100vw, 571px\" \/><\/a><\/p>\n<p><strong>2006<\/strong><br \/>\n<a href=\"http:\/\/stojakovic.net\/reports\/2006\/Amsterdam022006.pdf\" title=\"Amsterdam KickOff - 2006\" target=\"_blank\">Amsterdam KickOff &#8211; 2006<\/a><\/p>\n<p><a href=\"http:\/\/stojakovic.net\/reports\/2006\/Bratislava022006.pdf\" title=\"Bratislava - 2006\" target=\"_blank\">Bratislava &#8211; 2006<\/a><\/p>\n<p><a href=\"http:\/\/stojakovic.net\/reports\/2006\/Basel%20-%20Zurich%20report.pdf\" title=\"Basel - Zurich - 2006\" target=\"_blank\">Basel &#8211; Zurich &#8211; 2006<\/a><\/p>\n<p><a href=\"http:\/\/stojakovic.net\/reports\/2006\/Swiss%202%20report%20-%2012-2006.pdf\" title=\"Opet \u0160vica :)\" target=\"_blank\">Opet \u0160vica \ud83d\ude42<\/a><\/p>\n<p><a href=\"http:\/\/stojakovic.net\/reports\/2006\/Budva%20Weekend%20-%20Gule%20i%20Balky%20upoznaju%20Jug%20sa%20svrhom%20boljitka%20ostalih%20krajeva%20svijeta.pdf\" title=\"Gule na jugu - 2006\" target=\"_blank\">Gule na jugu &#8211; 2006<\/a><\/p>\n<p><a href=\"http:\/\/stojakovic.net\/reports\/2006\/Deutchland%202006%20report.pdf\" title=\"Opet malo Njema\u010dke - 2006\" target=\"_blank\">Opet malo Njema\u010dke &#8211; 2006<\/a><\/p>\n<p><a href=\"http:\/\/stojakovic.net\/reports\/2006\/France%20-%20Ljeto%202006%20-%20Balky%20Parlevu%20Franse.pdf\" title=\"Gostovanje u Francuskoj - 2006\" target=\"_blank\">Gostovanje u Francuskoj &#8211; 2006<\/a><\/p>\n<p><a href=\"http:\/\/stojakovic.net\/reports\/2006\/Russssr%20Report%20-%20hehe.pdf\" title=\"Majka Rusija - Finalmente - 2006\" target=\"_blank\">Majka Rusija &#8211; Finalmente &#8211; 2006<\/a><\/p>\n<p><a href=\"http:\/\/stojakovic.net\/reports\/2006\/Report%20-%20Bech%20i%20Beograd%20Kraj%202006.pdf\" title=\"Be\u010d i Beograd - 2006\" target=\"_blank\">Be\u010d i Beograd &#8211; 2006<\/a><\/p>\n<p>2007<\/p>","protected":false},"excerpt":{"rendered":"<p>Neko\u0107 davno, dok sam bio i ne\u0161to mla\u0111i i sa malo vi\u0161e kose na glavi, pisao sam &#8220;reporte&#8221; za meni drage ljude i ekipu. S vremenom su ti reporti prerasli u tekstom i slikom bogate materijale i opise nekih pute\u0161estvija po Evropi, koje je na mailing listi \u010ditalo preko 80 ljudi. Na ovoj se stranici&#8230;<\/p>\n","protected":false},"author":1,"featured_media":127,"parent":0,"menu_order":0,"comment_status":"closed","ping_status":"open","template":"sidepage.php","meta":{"jetpack_post_was_ever_published":false,"footnotes":""},"class_list":["post-86","page","type-page","status-publish","has-post-thumbnail","hentry"],"yoast_head":"<!-- This site is optimized with the Yoast SEO plugin v25.1 - https:\/\/yoast.com\/wordpress\/plugins\/seo\/ -->\n<title>Reporti (2003-2007)Reports (2003-2007) - Igor<\/title>\n<meta name=\"robots\" content=\"index, follow, max-snippet:-1, max-image-preview:large, max-video-preview:-1\" \/>\n<link rel=\"canonical\" href=\"https:\/\/igor.stojakovic.net\/en\/reports\/\" \/>\n<meta property=\"og:locale\" content=\"hr_HR\" \/>\n<meta property=\"og:type\" content=\"article\" \/>\n<meta property=\"og:title\" content=\"Reporti (2003-2007)Reports (2003-2007) - Igor\" \/>\n<meta property=\"og:description\" content=\"Neko\u0107 davno, dok sam bio i ne\u0161to mla\u0111i i sa malo vi\u0161e kose na glavi, pisao sam &#8220;reporte&#8221; za meni drage ljude i ekipu. S vremenom su ti reporti prerasli u tekstom i slikom bogate materijale i opise nekih pute\u0161estvija po Evropi, koje je na mailing listi \u010ditalo preko 80 ljudi. Na ovoj se stranici...\" \/>\n<meta property=\"og:url\" content=\"https:\/\/igor.stojakovic.net\/en\/reports\/\" \/>\n<meta property=\"og:site_name\" content=\"Igor\" \/>\n<meta property=\"article:modified_time\" content=\"2013-10-21T17:14:08+00:00\" \/>\n<meta property=\"og:image\" content=\"https:\/\/igor.stojakovic.net\/wp-content\/uploads\/2013\/10\/reporti.jpg\" \/>\n\t<meta property=\"og:image:width\" content=\"2000\" \/>\n\t<meta property=\"og:image:height\" content=\"1500\" \/>\n\t<meta property=\"og:image:type\" content=\"image\/jpeg\" \/>\n<meta name=\"twitter:label1\" content=\"Est. reading time\" \/>\n\t<meta name=\"twitter:data1\" content=\"2 minutes\" \/>\n<script type=\"application\/ld+json\" class=\"yoast-schema-graph\">{\"@context\":\"https:\/\/schema.org\",\"@graph\":[{\"@type\":\"WebPage\",\"@id\":\"https:\/\/igor.stojakovic.net\/en\/reports\/\",\"url\":\"https:\/\/igor.stojakovic.net\/en\/reports\/\",\"name\":\"Reporti (2003-2007)Reports (2003-2007) - Igor\",\"isPartOf\":{\"@id\":\"https:\/\/igor.stojakovic.net\/en\/#website\"},\"primaryImageOfPage\":{\"@id\":\"https:\/\/igor.stojakovic.net\/en\/reports\/#primaryimage\"},\"image\":{\"@id\":\"https:\/\/igor.stojakovic.net\/en\/reports\/#primaryimage\"},\"thumbnailUrl\":\"https:\/\/igor.stojakovic.net\/wp-content\/uploads\/2013\/10\/reporti.jpg\",\"datePublished\":\"2013-10-14T15:18:39+00:00\",\"dateModified\":\"2013-10-21T17:14:08+00:00\",\"breadcrumb\":{\"@id\":\"https:\/\/igor.stojakovic.net\/en\/reports\/#breadcrumb\"},\"inLanguage\":\"hr-HR\",\"potentialAction\":[{\"@type\":\"ReadAction\",\"target\":[\"https:\/\/igor.stojakovic.net\/en\/reports\/\"]}]},{\"@type\":\"ImageObject\",\"inLanguage\":\"hr-HR\",\"@id\":\"https:\/\/igor.stojakovic.net\/en\/reports\/#primaryimage\",\"url\":\"https:\/\/igor.stojakovic.net\/wp-content\/uploads\/2013\/10\/reporti.jpg\",\"contentUrl\":\"https:\/\/igor.stojakovic.net\/wp-content\/uploads\/2013\/10\/reporti.jpg\",\"width\":2000,\"height\":1500},{\"@type\":\"BreadcrumbList\",\"@id\":\"https:\/\/igor.stojakovic.net\/en\/reports\/#breadcrumb\",\"itemListElement\":[{\"@type\":\"ListItem\",\"position\":1,\"name\":\"Home\",\"item\":\"https:\/\/igor.stojakovic.net\/en\/\"},{\"@type\":\"ListItem\",\"position\":2,\"name\":\"Reports (2003-2007)\"}]},{\"@type\":\"WebSite\",\"@id\":\"https:\/\/igor.stojakovic.net\/en\/#website\",\"url\":\"https:\/\/igor.stojakovic.net\/en\/\",\"name\":\"Igor\",\"description\":\"Life in Ireland, traveling, books, food, drinks, photography and fun :)\",\"potentialAction\":[{\"@type\":\"SearchAction\",\"target\":{\"@type\":\"EntryPoint\",\"urlTemplate\":\"https:\/\/igor.stojakovic.net\/en\/?s={search_term_string}\"},\"query-input\":{\"@type\":\"PropertyValueSpecification\",\"valueRequired\":true,\"valueName\":\"search_term_string\"}}],\"inLanguage\":\"hr-HR\"}]}<\/script>\n<!-- \/ Yoast SEO plugin. -->","yoast_head_json":{"title":"Reporti (2003-2007)Reports (2003-2007) - Igor","robots":{"index":"index","follow":"follow","max-snippet":"max-snippet:-1","max-image-preview":"max-image-preview:large","max-video-preview":"max-video-preview:-1"},"canonical":"https:\/\/igor.stojakovic.net\/en\/reports\/","og_locale":"hr_HR","og_type":"article","og_title":"Reporti (2003-2007)Reports (2003-2007) - Igor","og_description":"Neko\u0107 davno, dok sam bio i ne\u0161to mla\u0111i i sa malo vi\u0161e kose na glavi, pisao sam &#8220;reporte&#8221; za meni drage ljude i ekipu. S vremenom su ti reporti prerasli u tekstom i slikom bogate materijale i opise nekih pute\u0161estvija po Evropi, koje je na mailing listi \u010ditalo preko 80 ljudi. Na ovoj se stranici...","og_url":"https:\/\/igor.stojakovic.net\/en\/reports\/","og_site_name":"Igor","article_modified_time":"2013-10-21T17:14:08+00:00","og_image":[{"width":2000,"height":1500,"url":"https:\/\/igor.stojakovic.net\/wp-content\/uploads\/2013\/10\/reporti.jpg","type":"image\/jpeg"}],"twitter_misc":{"Est. reading time":"2 minutes"},"schema":{"@context":"https:\/\/schema.org","@graph":[{"@type":"WebPage","@id":"https:\/\/igor.stojakovic.net\/en\/reports\/","url":"https:\/\/igor.stojakovic.net\/en\/reports\/","name":"Reporti (2003-2007)Reports (2003-2007) - Igor","isPartOf":{"@id":"https:\/\/igor.stojakovic.net\/en\/#website"},"primaryImageOfPage":{"@id":"https:\/\/igor.stojakovic.net\/en\/reports\/#primaryimage"},"image":{"@id":"https:\/\/igor.stojakovic.net\/en\/reports\/#primaryimage"},"thumbnailUrl":"https:\/\/igor.stojakovic.net\/wp-content\/uploads\/2013\/10\/reporti.jpg","datePublished":"2013-10-14T15:18:39+00:00","dateModified":"2013-10-21T17:14:08+00:00","breadcrumb":{"@id":"https:\/\/igor.stojakovic.net\/en\/reports\/#breadcrumb"},"inLanguage":"hr-HR","potentialAction":[{"@type":"ReadAction","target":["https:\/\/igor.stojakovic.net\/en\/reports\/"]}]},{"@type":"ImageObject","inLanguage":"hr-HR","@id":"https:\/\/igor.stojakovic.net\/en\/reports\/#primaryimage","url":"https:\/\/igor.stojakovic.net\/wp-content\/uploads\/2013\/10\/reporti.jpg","contentUrl":"https:\/\/igor.stojakovic.net\/wp-content\/uploads\/2013\/10\/reporti.jpg","width":2000,"height":1500},{"@type":"BreadcrumbList","@id":"https:\/\/igor.stojakovic.net\/en\/reports\/#breadcrumb","itemListElement":[{"@type":"ListItem","position":1,"name":"Home","item":"https:\/\/igor.stojakovic.net\/en\/"},{"@type":"ListItem","position":2,"name":"Reports (2003-2007)"}]},{"@type":"WebSite","@id":"https:\/\/igor.stojakovic.net\/en\/#website","url":"https:\/\/igor.stojakovic.net\/en\/","name":"Igor","description":"Life in Ireland, traveling, books, food, drinks, photography and fun :)","potentialAction":[{"@type":"SearchAction","target":{"@type":"EntryPoint","urlTemplate":"https:\/\/igor.stojakovic.net\/en\/?s={search_term_string}"},"query-input":{"@type":"PropertyValueSpecification","valueRequired":true,"valueName":"search_term_string"}}],"inLanguage":"hr-HR"}]}},"jetpack_shortlink":"https:\/\/wp.me\/P5MH6F-1o","jetpack_sharing_enabled":true,"_links":{"self":[{"href":"https:\/\/igor.stojakovic.net\/hr\/wp-json\/wp\/v2\/pages\/86","targetHints":{"allow":["GET"]}}],"collection":[{"href":"https:\/\/igor.stojakovic.net\/hr\/wp-json\/wp\/v2\/pages"}],"about":[{"href":"https:\/\/igor.stojakovic.net\/hr\/wp-json\/wp\/v2\/types\/page"}],"author":[{"embeddable":true,"href":"https:\/\/igor.stojakovic.net\/hr\/wp-json\/wp\/v2\/users\/1"}],"replies":[{"embeddable":true,"href":"https:\/\/igor.stojakovic.net\/hr\/wp-json\/wp\/v2\/comments?post=86"}],"version-history":[{"count":4,"href":"https:\/\/igor.stojakovic.net\/hr\/wp-json\/wp\/v2\/pages\/86\/revisions"}],"predecessor-version":[{"id":128,"href":"https:\/\/igor.stojakovic.net\/hr\/wp-json\/wp\/v2\/pages\/86\/revisions\/128"}],"wp:featuredmedia":[{"embeddable":true,"href":"https:\/\/igor.stojakovic.net\/hr\/wp-json\/wp\/v2\/media\/127"}],"wp:attachment":[{"href":"https:\/\/igor.stojakovic.net\/hr\/wp-json\/wp\/v2\/media?parent=86"}],"curies":[{"name":"wp","href":"https:\/\/api.w.org\/{rel}","templated":true}]}}